{"id":49433,"date":"2026-04-17T10:57:45","date_gmt":"2026-04-17T09:57:45","guid":{"rendered":"https:\/\/www.onelink.pt\/products\/quintal-dos-acores-passion-fruit-jelly-250g\/"},"modified":"2026-04-17T10:57:46","modified_gmt":"2026-04-17T09:57:46","slug":"quintal-dos-acores-passion-fruit-jelly-250g","status":"publish","type":"product","link":"https:\/\/www.onelink.pt\/en\/products\/quintal-dos-acores-passion-fruit-jelly-250g\/","title":{"rendered":"Quintal dos A\u00e7ores Passion Fruit Jelly 250g"},"content":{"rendered":"<h4>Product Description<\/h4>\n<p>Quintal dos A\u00e7ores jams and jellies are produced with fresh and natural products from the Azores, according to homemade recipes typical of the island of S\u00e3o Miguel.<\/p>\n<p>Traditional homemade product produced exclusively with raw material from the Quintal dos A\u00e7ores farms, in S\u00e3o Miguel.<\/p>\n<p>Jam with Passion Fruit PDO from Quintal dos A\u00e7ores is handcrafted on the island of S\u00e3o Miguel, Azores.<\/p>\n<h4>Ingredients:<\/h4>\n<p>Sugar, Passion Fruit from Azores \/ St Michael POD (25%), Water and Gelatinizer- pectine (E404).<\/p>\n<h4>Storage:<\/h4>\n<p>Once opened keep refrigerated.<\/p>\n<h4>Country of Origin:<\/h4>\n<p>Portugal<\/p>\n<h4>Nutritional information:<\/h4>\n<table>\n<tr>\n<th>Nutrition Declaration (Typical Values):<\/th>\n<th>Per 100g<\/th>\n<\/tr>\n<tr>\n<td>Energy<\/td>\n<td>807kJ<br \/>193kcal<\/td>\n<\/tr>\n<tr>\n<td>Fat<br \/>of wich saturates<\/td>\n<td>0,5g<br \/><0,1g<\/td>\n<\/tr>\n<tr>\n<td>Carbohydrate<br \/>of which sugars<\/td>\n<td>46,8g<br \/>46,8g<\/td>\n<\/tr>\n<tr>\n<td>Protein<\/td>\n<td>0,3g<\/td>\n<\/tr>\n<tr>\n<td>Salt<\/td>\n<td>0,1g<\/td>\n<\/tr>\n<\/table>\n<h4>Distributed by:<\/h4>\n<p>Onelink Lda<br \/>\nRua Quinta dos \u00c1lamos n.\u00ba 3<br \/>\n2625-577 Vialonga<\/p>\n<h4>Notice about our product information:<\/h4>\n<p>Always confirm the information on the article label. Food products are subject to constant change, for this reason, we recommend that you always read the labeling information that accompanies each product, including the nutritional information, ingredient list, storage, preparation and use instructions as well as other information before use or consumption.<\/p>\n","protected":false},"excerpt":{"rendered":"<p>Quintal dos A\u00e7ores Red Passion Fruit Jelly PDO is produced by hand on the island of S\u00e3o Miguel, Azores.<\/p>\n","protected":false},"featured_media":49284,"comment_status":"closed","ping_status":"closed","template":"","meta":{"_acf_changed":false,"_lmt_disableupdate":"","_lmt_disable":"","ep_exclude_from_search":false},"socilink_saboresdomundo_tag":[2780,2793],"product_brand":[7197,7196],"product_cat":[2711,2624,2642],"product_tag":[],"class_list":{"0":"post-49433","1":"product","2":"type-product","3":"status-publish","4":"has-post-thumbnail","6":"socilink_saboresdomundo_tag-europe","7":"socilink_saboresdomundo_tag-portugal-en","8":"product_brand-fruit-jams-from-the-azores","9":"product_brand-quintal-dos-acores-en","10":"product_cat-all-products","11":"product_cat-ingredients-seasonings","12":"product_cat-sauces-mayonnaise-and-ketchups","14":"first","15":"onbackorder","16":"product-type-simple"},"acf":[],"yoast_head":"<!-- This site is optimized with the Yoast SEO plugin v27.4 - https:\/\/yoast.com\/product\/yoast-seo-wordpress\/ -->\n<title>Quintal dos A\u00e7ores Passion Fruit Jelly 250g<\/title>\n<meta name=\"description\" content=\"Quintal dos A\u00e7ores Red Passion Fruit Jelly PDO is produced by hand on the island of S\u00e3o Miguel, Azores.\" \/>\n<meta name=\"robots\" content=\"index, follow, max-snippet:-1, max-image-preview:large, max-video-preview:-1\" \/>\n<link rel=\"canonical\" href=\"https:\/\/www.onelink.pt\/en\/products\/quintal-dos-acores-passion-fruit-jelly-250g\/\" \/>\n<meta property=\"og:locale\" content=\"en_US\" \/>\n<meta property=\"og:type\" content=\"article\" \/>\n<meta property=\"og:title\" content=\"Quintal dos A\u00e7ores Passion Fruit Jelly 250g\" \/>\n<meta property=\"og:description\" content=\"Quintal dos A\u00e7ores Red Passion Fruit Jelly PDO is produced by hand on the island of S\u00e3o Miguel, Azores.\" \/>\n<meta property=\"og:url\" content=\"https:\/\/www.onelink.pt\/en\/products\/quintal-dos-acores-passion-fruit-jelly-250g\/\" \/>\n<meta property=\"og:site_name\" content=\"Onelink\" \/>\n<meta property=\"article:publisher\" content=\"https:\/\/www.facebook.com\/onelinkjust4brands\/\" \/>\n<meta property=\"article:modified_time\" content=\"2026-04-17T09:57:46+00:00\" \/>\n<meta property=\"og:image\" content=\"https:\/\/www.onelink.pt\/wp-content\/uploads\/2022\/01\/o11920-geleia-de-maracuja-quintal-dos-acores-300g.jpg\" \/>\n\t<meta property=\"og:image:width\" content=\"800\" \/>\n\t<meta property=\"og:image:height\" content=\"800\" \/>\n\t<meta property=\"og:image:type\" content=\"image\/jpeg\" \/>\n<meta name=\"twitter:card\" content=\"summary_large_image\" \/>\n<meta name=\"twitter:title\" content=\"Quintal dos A\u00e7ores Passion Fruit Jelly 250g\" \/>\n<meta name=\"twitter:label1\" content=\"Est. reading time\" \/>\n\t<meta name=\"twitter:data1\" content=\"1 minute\" \/>\n<script type=\"application\/ld+json\" class=\"yoast-schema-graph\">{\"@context\":\"https:\\\/\\\/schema.org\",\"@graph\":[{\"@type\":\"WebPage\",\"@id\":\"https:\\\/\\\/www.onelink.pt\\\/en\\\/products\\\/quintal-dos-acores-passion-fruit-jelly-250g\\\/\",\"url\":\"https:\\\/\\\/www.onelink.pt\\\/en\\\/products\\\/quintal-dos-acores-passion-fruit-jelly-250g\\\/\",\"name\":\"Quintal dos A\u00e7ores Passion Fruit Jelly 250g\",\"isPartOf\":{\"@id\":\"https:\\\/\\\/www.onelink.pt\\\/en\\\/#website\"},\"primaryImageOfPage\":{\"@id\":\"https:\\\/\\\/www.onelink.pt\\\/en\\\/products\\\/quintal-dos-acores-passion-fruit-jelly-250g\\\/#primaryimage\"},\"image\":{\"@id\":\"https:\\\/\\\/www.onelink.pt\\\/en\\\/products\\\/quintal-dos-acores-passion-fruit-jelly-250g\\\/#primaryimage\"},\"thumbnailUrl\":\"https:\\\/\\\/www.onelink.pt\\\/wp-content\\\/uploads\\\/2022\\\/01\\\/o11920-geleia-de-maracuja-quintal-dos-acores-300g.jpg\",\"datePublished\":\"2026-04-17T09:57:45+00:00\",\"dateModified\":\"2026-04-17T09:57:46+00:00\",\"description\":\"Quintal dos A\u00e7ores Red Passion Fruit Jelly PDO is produced by hand on the island of S\u00e3o Miguel, Azores.\",\"breadcrumb\":{\"@id\":\"https:\\\/\\\/www.onelink.pt\\\/en\\\/products\\\/quintal-dos-acores-passion-fruit-jelly-250g\\\/#breadcrumb\"},\"inLanguage\":\"en-US\",\"potentialAction\":[{\"@type\":\"ReadAction\",\"target\":[\"https:\\\/\\\/www.onelink.pt\\\/en\\\/products\\\/quintal-dos-acores-passion-fruit-jelly-250g\\\/\"]}]},{\"@type\":\"ImageObject\",\"inLanguage\":\"en-US\",\"@id\":\"https:\\\/\\\/www.onelink.pt\\\/en\\\/products\\\/quintal-dos-acores-passion-fruit-jelly-250g\\\/#primaryimage\",\"url\":\"https:\\\/\\\/www.onelink.pt\\\/wp-content\\\/uploads\\\/2022\\\/01\\\/o11920-geleia-de-maracuja-quintal-dos-acores-300g.jpg\",\"contentUrl\":\"https:\\\/\\\/www.onelink.pt\\\/wp-content\\\/uploads\\\/2022\\\/01\\\/o11920-geleia-de-maracuja-quintal-dos-acores-300g.jpg\",\"width\":800,\"height\":800,\"caption\":\"Quintal dos A\u00e7ores Passion Fruit Jelly 250g\"},{\"@type\":\"BreadcrumbList\",\"@id\":\"https:\\\/\\\/www.onelink.pt\\\/en\\\/products\\\/quintal-dos-acores-passion-fruit-jelly-250g\\\/#breadcrumb\",\"itemListElement\":[{\"@type\":\"ListItem\",\"position\":1,\"name\":\"In\u00edcio\",\"item\":\"https:\\\/\\\/www.onelink.pt\\\/en\\\/\"},{\"@type\":\"ListItem\",\"position\":2,\"name\":\"Products\",\"item\":\"https:\\\/\\\/www.onelink.pt\\\/en\\\/products\\\/\"},{\"@type\":\"ListItem\",\"position\":3,\"name\":\"Quintal dos A\u00e7ores Passion Fruit Jelly 250g\"}]},{\"@type\":\"WebSite\",\"@id\":\"https:\\\/\\\/www.onelink.pt\\\/en\\\/#website\",\"url\":\"https:\\\/\\\/www.onelink.pt\\\/en\\\/\",\"name\":\"Onelink\",\"description\":\"Just for Brands\",\"publisher\":{\"@id\":\"https:\\\/\\\/www.onelink.pt\\\/en\\\/#organization\"},\"potentialAction\":[{\"@type\":\"SearchAction\",\"target\":{\"@type\":\"EntryPoint\",\"urlTemplate\":\"https:\\\/\\\/www.onelink.pt\\\/en\\\/?s={search_term_string}\"},\"query-input\":{\"@type\":\"PropertyValueSpecification\",\"valueRequired\":true,\"valueName\":\"search_term_string\"}}],\"inLanguage\":\"en-US\"},{\"@type\":\"Organization\",\"@id\":\"https:\\\/\\\/www.onelink.pt\\\/en\\\/#organization\",\"name\":\"Onelink\",\"url\":\"https:\\\/\\\/www.onelink.pt\\\/en\\\/\",\"logo\":{\"@type\":\"ImageObject\",\"inLanguage\":\"en-US\",\"@id\":\"https:\\\/\\\/www.onelink.pt\\\/en\\\/#\\\/schema\\\/logo\\\/image\\\/\",\"url\":\"https:\\\/\\\/www.onelink.pt\\\/wp-content\\\/uploads\\\/2020\\\/05\\\/logo-onelink-min.svg\",\"contentUrl\":\"https:\\\/\\\/www.onelink.pt\\\/wp-content\\\/uploads\\\/2020\\\/05\\\/logo-onelink-min.svg\",\"width\":1,\"height\":1,\"caption\":\"Onelink\"},\"image\":{\"@id\":\"https:\\\/\\\/www.onelink.pt\\\/en\\\/#\\\/schema\\\/logo\\\/image\\\/\"},\"sameAs\":[\"https:\\\/\\\/www.facebook.com\\\/onelinkjust4brands\\\/\",\"https:\\\/\\\/www.instagram.com\\\/onelink_just_for_brands\\\/\",\"https:\\\/\\\/www.linkedin.com\\\/company\\\/onelink-just4brans\\\/\"]}]}<\/script>\n<!-- \/ Yoast SEO plugin. -->","yoast_head_json":{"title":"Quintal dos A\u00e7ores Passion Fruit Jelly 250g","description":"Quintal dos A\u00e7ores Red Passion Fruit Jelly PDO is produced by hand on the island of S\u00e3o Miguel, Azores.","robots":{"index":"index","follow":"follow","max-snippet":"max-snippet:-1","max-image-preview":"max-image-preview:large","max-video-preview":"max-video-preview:-1"},"canonical":"https:\/\/www.onelink.pt\/en\/products\/quintal-dos-acores-passion-fruit-jelly-250g\/","og_locale":"en_US","og_type":"article","og_title":"Quintal dos A\u00e7ores Passion Fruit Jelly 250g","og_description":"Quintal dos A\u00e7ores Red Passion Fruit Jelly PDO is produced by hand on the island of S\u00e3o Miguel, Azores.","og_url":"https:\/\/www.onelink.pt\/en\/products\/quintal-dos-acores-passion-fruit-jelly-250g\/","og_site_name":"Onelink","article_publisher":"https:\/\/www.facebook.com\/onelinkjust4brands\/","article_modified_time":"2026-04-17T09:57:46+00:00","og_image":[{"width":800,"height":800,"url":"https:\/\/www.onelink.pt\/wp-content\/uploads\/2022\/01\/o11920-geleia-de-maracuja-quintal-dos-acores-300g.jpg","type":"image\/jpeg"}],"twitter_card":"summary_large_image","twitter_title":"Quintal dos A\u00e7ores Passion Fruit Jelly 250g","twitter_misc":{"Est. reading time":"1 minute"},"schema":{"@context":"https:\/\/schema.org","@graph":[{"@type":"WebPage","@id":"https:\/\/www.onelink.pt\/en\/products\/quintal-dos-acores-passion-fruit-jelly-250g\/","url":"https:\/\/www.onelink.pt\/en\/products\/quintal-dos-acores-passion-fruit-jelly-250g\/","name":"Quintal dos A\u00e7ores Passion Fruit Jelly 250g","isPartOf":{"@id":"https:\/\/www.onelink.pt\/en\/#website"},"primaryImageOfPage":{"@id":"https:\/\/www.onelink.pt\/en\/products\/quintal-dos-acores-passion-fruit-jelly-250g\/#primaryimage"},"image":{"@id":"https:\/\/www.onelink.pt\/en\/products\/quintal-dos-acores-passion-fruit-jelly-250g\/#primaryimage"},"thumbnailUrl":"https:\/\/www.onelink.pt\/wp-content\/uploads\/2022\/01\/o11920-geleia-de-maracuja-quintal-dos-acores-300g.jpg","datePublished":"2026-04-17T09:57:45+00:00","dateModified":"2026-04-17T09:57:46+00:00","description":"Quintal dos A\u00e7ores Red Passion Fruit Jelly PDO is produced by hand on the island of S\u00e3o Miguel, Azores.","breadcrumb":{"@id":"https:\/\/www.onelink.pt\/en\/products\/quintal-dos-acores-passion-fruit-jelly-250g\/#breadcrumb"},"inLanguage":"en-US","potentialAction":[{"@type":"ReadAction","target":["https:\/\/www.onelink.pt\/en\/products\/quintal-dos-acores-passion-fruit-jelly-250g\/"]}]},{"@type":"ImageObject","inLanguage":"en-US","@id":"https:\/\/www.onelink.pt\/en\/products\/quintal-dos-acores-passion-fruit-jelly-250g\/#primaryimage","url":"https:\/\/www.onelink.pt\/wp-content\/uploads\/2022\/01\/o11920-geleia-de-maracuja-quintal-dos-acores-300g.jpg","contentUrl":"https:\/\/www.onelink.pt\/wp-content\/uploads\/2022\/01\/o11920-geleia-de-maracuja-quintal-dos-acores-300g.jpg","width":800,"height":800,"caption":"Quintal dos A\u00e7ores Passion Fruit Jelly 250g"},{"@type":"BreadcrumbList","@id":"https:\/\/www.onelink.pt\/en\/products\/quintal-dos-acores-passion-fruit-jelly-250g\/#breadcrumb","itemListElement":[{"@type":"ListItem","position":1,"name":"In\u00edcio","item":"https:\/\/www.onelink.pt\/en\/"},{"@type":"ListItem","position":2,"name":"Products","item":"https:\/\/www.onelink.pt\/en\/products\/"},{"@type":"ListItem","position":3,"name":"Quintal dos A\u00e7ores Passion Fruit Jelly 250g"}]},{"@type":"WebSite","@id":"https:\/\/www.onelink.pt\/en\/#website","url":"https:\/\/www.onelink.pt\/en\/","name":"Onelink","description":"Just for Brands","publisher":{"@id":"https:\/\/www.onelink.pt\/en\/#organization"},"potentialAction":[{"@type":"SearchAction","target":{"@type":"EntryPoint","urlTemplate":"https:\/\/www.onelink.pt\/en\/?s={search_term_string}"},"query-input":{"@type":"PropertyValueSpecification","valueRequired":true,"valueName":"search_term_string"}}],"inLanguage":"en-US"},{"@type":"Organization","@id":"https:\/\/www.onelink.pt\/en\/#organization","name":"Onelink","url":"https:\/\/www.onelink.pt\/en\/","logo":{"@type":"ImageObject","inLanguage":"en-US","@id":"https:\/\/www.onelink.pt\/en\/#\/schema\/logo\/image\/","url":"https:\/\/www.onelink.pt\/wp-content\/uploads\/2020\/05\/logo-onelink-min.svg","contentUrl":"https:\/\/www.onelink.pt\/wp-content\/uploads\/2020\/05\/logo-onelink-min.svg","width":1,"height":1,"caption":"Onelink"},"image":{"@id":"https:\/\/www.onelink.pt\/en\/#\/schema\/logo\/image\/"},"sameAs":["https:\/\/www.facebook.com\/onelinkjust4brands\/","https:\/\/www.instagram.com\/onelink_just_for_brands\/","https:\/\/www.linkedin.com\/company\/onelink-just4brans\/"]}]}},"_links":{"self":[{"href":"https:\/\/www.onelink.pt\/en\/wp-json\/wp\/v2\/product\/49433","targetHints":{"allow":["GET"]}}],"collection":[{"href":"https:\/\/www.onelink.pt\/en\/wp-json\/wp\/v2\/product"}],"about":[{"href":"https:\/\/www.onelink.pt\/en\/wp-json\/wp\/v2\/types\/product"}],"replies":[{"embeddable":true,"href":"https:\/\/www.onelink.pt\/en\/wp-json\/wp\/v2\/comments?post=49433"}],"wp:featuredmedia":[{"embeddable":true,"href":"https:\/\/www.onelink.pt\/en\/wp-json\/wp\/v2\/media\/49284"}],"wp:attachment":[{"href":"https:\/\/www.onelink.pt\/en\/wp-json\/wp\/v2\/media?parent=49433"}],"wp:term":[{"taxonomy":"socilink_saboresdomundo_tag","embeddable":true,"href":"https:\/\/www.onelink.pt\/en\/wp-json\/wp\/v2\/socilink_saboresdomundo_tag?post=49433"},{"taxonomy":"product_brand","embeddable":true,"href":"https:\/\/www.onelink.pt\/en\/wp-json\/wp\/v2\/product_brand?post=49433"},{"taxonomy":"product_cat","embeddable":true,"href":"https:\/\/www.onelink.pt\/en\/wp-json\/wp\/v2\/product_cat?post=49433"},{"taxonomy":"product_tag","embeddable":true,"href":"https:\/\/www.onelink.pt\/en\/wp-json\/wp\/v2\/product_tag?post=49433"}],"curies":[{"name":"wp","href":"https:\/\/api.w.org\/{rel}","templated":true}]}}