{"id":49439,"date":"2026-04-17T10:57:45","date_gmt":"2026-04-17T09:57:45","guid":{"rendered":"https:\/\/www.onelink.pt\/products\/quintal-dos-acores-pepper-jam-250g\/"},"modified":"2026-04-17T10:57:50","modified_gmt":"2026-04-17T09:57:50","slug":"quintal-dos-acores-pepper-jam-250g","status":"publish","type":"product","link":"https:\/\/www.onelink.pt\/en\/products\/quintal-dos-acores-pepper-jam-250g\/","title":{"rendered":"Quintal dos A\u00e7ores Pepper Jam 250g"},"content":{"rendered":"<h4>Product Description<\/h4>\n<p>Pepper jam from Quintal dos A\u00e7ores, produced the old-fashioned way with raw material from the Azores.<\/p>\n<p>Founded in 1997 by Fernando Sousa and Helena Sousa, the company Quintal dos A\u00e7ores produces and sells taste and tradition using homemade recipes that have been in the family for many years.<\/p>\n<h4>Ingredients:<\/h4>\n<p>Pepper (70%) and sugar (30%).<\/p>\n<h4>Allergens:<\/h4>\n<p>See ingredients in UPPERCASE.<\/p>\n<h4>Storage:<\/h4>\n<p>Once opened keep refrigerated.<\/p>\n<h4>Country of Origin:<\/h4>\n<p>Portugal<\/p>\n<h4>Nutritional information:<\/h4>\n<table>\n<tr>\n<th>Nutrition Declaration (Typical Values):<\/th>\n<th>Per 100g<\/th>\n<\/tr>\n<tr>\n<td>Energy<\/td>\n<td>1076kJ<br \/>281kcal<\/td>\n<\/tr>\n<tr>\n<td>Fat<br \/>of wich saturates<\/td>\n<td>0,1g<br \/><0,1g<\/td>\n<\/tr>\n<tr>\n<td>Carbohydrate<br \/>of which sugars<\/td>\n<td>69,5g<br \/>69,5g<\/td>\n<\/tr>\n<tr>\n<td>Protein<\/td>\n<td>0,5g<\/td>\n<\/tr>\n<tr>\n<td>Salt<\/td>\n<td>0,1g<\/td>\n<\/tr>\n<\/table>\n<h4>Distributed by:<\/h4>\n<p>Onelink Lda<br \/>\nRua Quinta dos \u00c1lamos n.\u00ba 3<br \/>\n2625-577 Vialonga<\/p>\n<h4>Notice about our product information:<\/h4>\n<p>Always confirm the information on the article label. Food products are subject to constant change, for this reason, we recommend that you always read the labeling information that accompanies each product, including the nutritional information, ingredient list, storage, preparation and use instructions as well as other information before use or consumption.<\/p>\n","protected":false},"excerpt":{"rendered":"<p>Pepper jam from Quintal dos A\u00e7ores, produced the old-fashioned way with raw material from the Azores.<\/p>\n<p>Produced in Candel\u00e1ria, S\u00e3o Miguel Island, Azores.<\/p>\n","protected":false},"featured_media":49296,"comment_status":"closed","ping_status":"closed","template":"","meta":{"_acf_changed":false,"_lmt_disableupdate":"","_lmt_disable":"","ep_exclude_from_search":false},"socilink_saboresdomundo_tag":[2780,2793],"product_brand":[7197,7196],"product_cat":[2711,2618,2601],"product_tag":[],"class_list":{"0":"post-49439","1":"product","2":"type-product","3":"status-publish","4":"has-post-thumbnail","6":"socilink_saboresdomundo_tag-europe","7":"socilink_saboresdomundo_tag-portugal-en","8":"product_brand-fruit-jams-from-the-azores","9":"product_brand-quintal-dos-acores-en","10":"product_cat-all-products","11":"product_cat-jams-jellies-and-other-fruit-preserves","12":"product_cat-sweets-snacks","14":"first","15":"instock","16":"product-type-simple"},"acf":[],"yoast_head":"<!-- This site is optimized with the Yoast SEO plugin v27.4 - https:\/\/yoast.com\/product\/yoast-seo-wordpress\/ -->\n<title>Quintal dos A\u00e7ores Pepper Jam 250g<\/title>\n<meta name=\"description\" content=\"Pepper jam from Quintal dos A\u00e7ores, produced the old-fashioned way with raw material from the Azores. Produced in Candel\u00e1ria, S\u00e3o Miguel Island, Azores.\" \/>\n<meta name=\"robots\" content=\"index, follow, max-snippet:-1, max-image-preview:large, max-video-preview:-1\" \/>\n<link rel=\"canonical\" href=\"https:\/\/www.onelink.pt\/en\/products\/quintal-dos-acores-pepper-jam-250g\/\" \/>\n<meta property=\"og:locale\" content=\"en_US\" \/>\n<meta property=\"og:type\" content=\"article\" \/>\n<meta property=\"og:title\" content=\"Quintal dos A\u00e7ores Pepper Jam 250g\" \/>\n<meta property=\"og:description\" content=\"Pepper jam from Quintal dos A\u00e7ores, produced the old-fashioned way with raw material from the Azores. Produced in Candel\u00e1ria, S\u00e3o Miguel Island, Azores.\" \/>\n<meta property=\"og:url\" content=\"https:\/\/www.onelink.pt\/en\/products\/quintal-dos-acores-pepper-jam-250g\/\" \/>\n<meta property=\"og:site_name\" content=\"Onelink\" \/>\n<meta property=\"article:publisher\" content=\"https:\/\/www.facebook.com\/onelinkjust4brands\/\" \/>\n<meta property=\"article:modified_time\" content=\"2026-04-17T09:57:50+00:00\" \/>\n<meta property=\"og:image\" content=\"https:\/\/www.onelink.pt\/wp-content\/uploads\/2022\/01\/o11926-doce-de-pimenta-quintal-dos-acores-250g.jpg\" \/>\n\t<meta property=\"og:image:width\" content=\"800\" \/>\n\t<meta property=\"og:image:height\" content=\"800\" \/>\n\t<meta property=\"og:image:type\" content=\"image\/jpeg\" \/>\n<meta name=\"twitter:card\" content=\"summary_large_image\" \/>\n<meta name=\"twitter:title\" content=\"Quintal dos A\u00e7ores Pepper Jam 250g\" \/>\n<script type=\"application\/ld+json\" class=\"yoast-schema-graph\">{\"@context\":\"https:\\\/\\\/schema.org\",\"@graph\":[{\"@type\":\"WebPage\",\"@id\":\"https:\\\/\\\/www.onelink.pt\\\/en\\\/products\\\/quintal-dos-acores-pepper-jam-250g\\\/\",\"url\":\"https:\\\/\\\/www.onelink.pt\\\/en\\\/products\\\/quintal-dos-acores-pepper-jam-250g\\\/\",\"name\":\"Quintal dos A\u00e7ores Pepper Jam 250g\",\"isPartOf\":{\"@id\":\"https:\\\/\\\/www.onelink.pt\\\/en\\\/#website\"},\"primaryImageOfPage\":{\"@id\":\"https:\\\/\\\/www.onelink.pt\\\/en\\\/products\\\/quintal-dos-acores-pepper-jam-250g\\\/#primaryimage\"},\"image\":{\"@id\":\"https:\\\/\\\/www.onelink.pt\\\/en\\\/products\\\/quintal-dos-acores-pepper-jam-250g\\\/#primaryimage\"},\"thumbnailUrl\":\"https:\\\/\\\/www.onelink.pt\\\/wp-content\\\/uploads\\\/2022\\\/01\\\/o11926-doce-de-pimenta-quintal-dos-acores-250g.jpg\",\"datePublished\":\"2026-04-17T09:57:45+00:00\",\"dateModified\":\"2026-04-17T09:57:50+00:00\",\"description\":\"Pepper jam from Quintal dos A\u00e7ores, produced the old-fashioned way with raw material from the Azores. Produced in Candel\u00e1ria, S\u00e3o Miguel Island, Azores.\",\"breadcrumb\":{\"@id\":\"https:\\\/\\\/www.onelink.pt\\\/en\\\/products\\\/quintal-dos-acores-pepper-jam-250g\\\/#breadcrumb\"},\"inLanguage\":\"en-US\",\"potentialAction\":[{\"@type\":\"ReadAction\",\"target\":[\"https:\\\/\\\/www.onelink.pt\\\/en\\\/products\\\/quintal-dos-acores-pepper-jam-250g\\\/\"]}]},{\"@type\":\"ImageObject\",\"inLanguage\":\"en-US\",\"@id\":\"https:\\\/\\\/www.onelink.pt\\\/en\\\/products\\\/quintal-dos-acores-pepper-jam-250g\\\/#primaryimage\",\"url\":\"https:\\\/\\\/www.onelink.pt\\\/wp-content\\\/uploads\\\/2022\\\/01\\\/o11926-doce-de-pimenta-quintal-dos-acores-250g.jpg\",\"contentUrl\":\"https:\\\/\\\/www.onelink.pt\\\/wp-content\\\/uploads\\\/2022\\\/01\\\/o11926-doce-de-pimenta-quintal-dos-acores-250g.jpg\",\"width\":800,\"height\":800,\"caption\":\"Quintal dos A\u00e7ores Pepper Jam 250g\"},{\"@type\":\"BreadcrumbList\",\"@id\":\"https:\\\/\\\/www.onelink.pt\\\/en\\\/products\\\/quintal-dos-acores-pepper-jam-250g\\\/#breadcrumb\",\"itemListElement\":[{\"@type\":\"ListItem\",\"position\":1,\"name\":\"In\u00edcio\",\"item\":\"https:\\\/\\\/www.onelink.pt\\\/en\\\/\"},{\"@type\":\"ListItem\",\"position\":2,\"name\":\"Products\",\"item\":\"https:\\\/\\\/www.onelink.pt\\\/en\\\/products\\\/\"},{\"@type\":\"ListItem\",\"position\":3,\"name\":\"Quintal dos A\u00e7ores Pepper Jam 250g\"}]},{\"@type\":\"WebSite\",\"@id\":\"https:\\\/\\\/www.onelink.pt\\\/en\\\/#website\",\"url\":\"https:\\\/\\\/www.onelink.pt\\\/en\\\/\",\"name\":\"Onelink\",\"description\":\"Just for Brands\",\"publisher\":{\"@id\":\"https:\\\/\\\/www.onelink.pt\\\/en\\\/#organization\"},\"potentialAction\":[{\"@type\":\"SearchAction\",\"target\":{\"@type\":\"EntryPoint\",\"urlTemplate\":\"https:\\\/\\\/www.onelink.pt\\\/en\\\/?s={search_term_string}\"},\"query-input\":{\"@type\":\"PropertyValueSpecification\",\"valueRequired\":true,\"valueName\":\"search_term_string\"}}],\"inLanguage\":\"en-US\"},{\"@type\":\"Organization\",\"@id\":\"https:\\\/\\\/www.onelink.pt\\\/en\\\/#organization\",\"name\":\"Onelink\",\"url\":\"https:\\\/\\\/www.onelink.pt\\\/en\\\/\",\"logo\":{\"@type\":\"ImageObject\",\"inLanguage\":\"en-US\",\"@id\":\"https:\\\/\\\/www.onelink.pt\\\/en\\\/#\\\/schema\\\/logo\\\/image\\\/\",\"url\":\"https:\\\/\\\/www.onelink.pt\\\/wp-content\\\/uploads\\\/2020\\\/05\\\/logo-onelink-min.svg\",\"contentUrl\":\"https:\\\/\\\/www.onelink.pt\\\/wp-content\\\/uploads\\\/2020\\\/05\\\/logo-onelink-min.svg\",\"width\":1,\"height\":1,\"caption\":\"Onelink\"},\"image\":{\"@id\":\"https:\\\/\\\/www.onelink.pt\\\/en\\\/#\\\/schema\\\/logo\\\/image\\\/\"},\"sameAs\":[\"https:\\\/\\\/www.facebook.com\\\/onelinkjust4brands\\\/\",\"https:\\\/\\\/www.instagram.com\\\/onelink_just_for_brands\\\/\",\"https:\\\/\\\/www.linkedin.com\\\/company\\\/onelink-just4brans\\\/\"]}]}<\/script>\n<!-- \/ Yoast SEO plugin. -->","yoast_head_json":{"title":"Quintal dos A\u00e7ores Pepper Jam 250g","description":"Pepper jam from Quintal dos A\u00e7ores, produced the old-fashioned way with raw material from the Azores. Produced in Candel\u00e1ria, S\u00e3o Miguel Island, Azores.","robots":{"index":"index","follow":"follow","max-snippet":"max-snippet:-1","max-image-preview":"max-image-preview:large","max-video-preview":"max-video-preview:-1"},"canonical":"https:\/\/www.onelink.pt\/en\/products\/quintal-dos-acores-pepper-jam-250g\/","og_locale":"en_US","og_type":"article","og_title":"Quintal dos A\u00e7ores Pepper Jam 250g","og_description":"Pepper jam from Quintal dos A\u00e7ores, produced the old-fashioned way with raw material from the Azores. Produced in Candel\u00e1ria, S\u00e3o Miguel Island, Azores.","og_url":"https:\/\/www.onelink.pt\/en\/products\/quintal-dos-acores-pepper-jam-250g\/","og_site_name":"Onelink","article_publisher":"https:\/\/www.facebook.com\/onelinkjust4brands\/","article_modified_time":"2026-04-17T09:57:50+00:00","og_image":[{"width":800,"height":800,"url":"https:\/\/www.onelink.pt\/wp-content\/uploads\/2022\/01\/o11926-doce-de-pimenta-quintal-dos-acores-250g.jpg","type":"image\/jpeg"}],"twitter_card":"summary_large_image","twitter_title":"Quintal dos A\u00e7ores Pepper Jam 250g","schema":{"@context":"https:\/\/schema.org","@graph":[{"@type":"WebPage","@id":"https:\/\/www.onelink.pt\/en\/products\/quintal-dos-acores-pepper-jam-250g\/","url":"https:\/\/www.onelink.pt\/en\/products\/quintal-dos-acores-pepper-jam-250g\/","name":"Quintal dos A\u00e7ores Pepper Jam 250g","isPartOf":{"@id":"https:\/\/www.onelink.pt\/en\/#website"},"primaryImageOfPage":{"@id":"https:\/\/www.onelink.pt\/en\/products\/quintal-dos-acores-pepper-jam-250g\/#primaryimage"},"image":{"@id":"https:\/\/www.onelink.pt\/en\/products\/quintal-dos-acores-pepper-jam-250g\/#primaryimage"},"thumbnailUrl":"https:\/\/www.onelink.pt\/wp-content\/uploads\/2022\/01\/o11926-doce-de-pimenta-quintal-dos-acores-250g.jpg","datePublished":"2026-04-17T09:57:45+00:00","dateModified":"2026-04-17T09:57:50+00:00","description":"Pepper jam from Quintal dos A\u00e7ores, produced the old-fashioned way with raw material from the Azores. Produced in Candel\u00e1ria, S\u00e3o Miguel Island, Azores.","breadcrumb":{"@id":"https:\/\/www.onelink.pt\/en\/products\/quintal-dos-acores-pepper-jam-250g\/#breadcrumb"},"inLanguage":"en-US","potentialAction":[{"@type":"ReadAction","target":["https:\/\/www.onelink.pt\/en\/products\/quintal-dos-acores-pepper-jam-250g\/"]}]},{"@type":"ImageObject","inLanguage":"en-US","@id":"https:\/\/www.onelink.pt\/en\/products\/quintal-dos-acores-pepper-jam-250g\/#primaryimage","url":"https:\/\/www.onelink.pt\/wp-content\/uploads\/2022\/01\/o11926-doce-de-pimenta-quintal-dos-acores-250g.jpg","contentUrl":"https:\/\/www.onelink.pt\/wp-content\/uploads\/2022\/01\/o11926-doce-de-pimenta-quintal-dos-acores-250g.jpg","width":800,"height":800,"caption":"Quintal dos A\u00e7ores Pepper Jam 250g"},{"@type":"BreadcrumbList","@id":"https:\/\/www.onelink.pt\/en\/products\/quintal-dos-acores-pepper-jam-250g\/#breadcrumb","itemListElement":[{"@type":"ListItem","position":1,"name":"In\u00edcio","item":"https:\/\/www.onelink.pt\/en\/"},{"@type":"ListItem","position":2,"name":"Products","item":"https:\/\/www.onelink.pt\/en\/products\/"},{"@type":"ListItem","position":3,"name":"Quintal dos A\u00e7ores Pepper Jam 250g"}]},{"@type":"WebSite","@id":"https:\/\/www.onelink.pt\/en\/#website","url":"https:\/\/www.onelink.pt\/en\/","name":"Onelink","description":"Just for Brands","publisher":{"@id":"https:\/\/www.onelink.pt\/en\/#organization"},"potentialAction":[{"@type":"SearchAction","target":{"@type":"EntryPoint","urlTemplate":"https:\/\/www.onelink.pt\/en\/?s={search_term_string}"},"query-input":{"@type":"PropertyValueSpecification","valueRequired":true,"valueName":"search_term_string"}}],"inLanguage":"en-US"},{"@type":"Organization","@id":"https:\/\/www.onelink.pt\/en\/#organization","name":"Onelink","url":"https:\/\/www.onelink.pt\/en\/","logo":{"@type":"ImageObject","inLanguage":"en-US","@id":"https:\/\/www.onelink.pt\/en\/#\/schema\/logo\/image\/","url":"https:\/\/www.onelink.pt\/wp-content\/uploads\/2020\/05\/logo-onelink-min.svg","contentUrl":"https:\/\/www.onelink.pt\/wp-content\/uploads\/2020\/05\/logo-onelink-min.svg","width":1,"height":1,"caption":"Onelink"},"image":{"@id":"https:\/\/www.onelink.pt\/en\/#\/schema\/logo\/image\/"},"sameAs":["https:\/\/www.facebook.com\/onelinkjust4brands\/","https:\/\/www.instagram.com\/onelink_just_for_brands\/","https:\/\/www.linkedin.com\/company\/onelink-just4brans\/"]}]}},"_links":{"self":[{"href":"https:\/\/www.onelink.pt\/en\/wp-json\/wp\/v2\/product\/49439","targetHints":{"allow":["GET"]}}],"collection":[{"href":"https:\/\/www.onelink.pt\/en\/wp-json\/wp\/v2\/product"}],"about":[{"href":"https:\/\/www.onelink.pt\/en\/wp-json\/wp\/v2\/types\/product"}],"replies":[{"embeddable":true,"href":"https:\/\/www.onelink.pt\/en\/wp-json\/wp\/v2\/comments?post=49439"}],"wp:featuredmedia":[{"embeddable":true,"href":"https:\/\/www.onelink.pt\/en\/wp-json\/wp\/v2\/media\/49296"}],"wp:attachment":[{"href":"https:\/\/www.onelink.pt\/en\/wp-json\/wp\/v2\/media?parent=49439"}],"wp:term":[{"taxonomy":"socilink_saboresdomundo_tag","embeddable":true,"href":"https:\/\/www.onelink.pt\/en\/wp-json\/wp\/v2\/socilink_saboresdomundo_tag?post=49439"},{"taxonomy":"product_brand","embeddable":true,"href":"https:\/\/www.onelink.pt\/en\/wp-json\/wp\/v2\/product_brand?post=49439"},{"taxonomy":"product_cat","embeddable":true,"href":"https:\/\/www.onelink.pt\/en\/wp-json\/wp\/v2\/product_cat?post=49439"},{"taxonomy":"product_tag","embeddable":true,"href":"https:\/\/www.onelink.pt\/en\/wp-json\/wp\/v2\/product_tag?post=49439"}],"curies":[{"name":"wp","href":"https:\/\/api.w.org\/{rel}","templated":true}]}}