{"id":54412,"date":"2023-11-06T16:43:13","date_gmt":"2023-11-06T16:43:13","guid":{"rendered":"https:\/\/www.onelink.pt\/products\/azais-polito-stuffed-mussels-a-la-setoise-le-gourmand-630g\/"},"modified":"2023-11-06T16:43:21","modified_gmt":"2023-11-06T16:43:21","slug":"azais-polito-stuffed-mussels-a-la-setoise-le-gourmand-630g","status":"publish","type":"product","link":"https:\/\/www.onelink.pt\/en\/products\/azais-polito-stuffed-mussels-a-la-setoise-le-gourmand-630g\/","title":{"rendered":"Aza\u00efs-Polito Stuffed mussels \u00e0 la S\u00e9toise Le Gourmand 630g"},"content":{"rendered":"<h4>Product Description<\/h4>\n<p>This S\u00e9toise speciality par excellence is made from top quality raw materials, in particular large mussels.<br \/>\nThe stuffed mussels are a natural product guaranteed to be free of colouring agents.<br \/>\nA typical S\u00e9toise dish, the stuffed mussels are prepared in the knowledge and recipes of the past. The work is completely artisanal and manual, the mussels are stuffed by hand with pork stuffing flavoured with herbs from the South of France. <\/p>\n<h4>Ingredients:<\/h4>\n<p>Stuffed MUSSELS 60% (Pure pork stuffing: Pork meat (France*), Fresh EGG , BREAD , Garlic, Parsley, Pepper, Salt), Sauce (Tomato, Onion, Carrot, White wine, Tomato concentrate, Salt, Leek, Extra virgin olive oil and aromatic plants). *From animals born, raised and slaughtered in France.<\/p>\n<h4>Allergens:<\/h4>\n<p>See ingredients in UPPERCASE.<\/p>\n<h4>Storage:<\/h4>\n<p>Store at room temperature. After opening keep refrigerated(0\u00ba to 4\u00baC) and consume quickly.<\/p>\n<h4>Preparation Suggestion:<\/h4>\n<p>tuffed Mussels are ready to use. To appreciate them at best, heat the contents of the jar over low heat, then arrange them on a dish accompanied by rice, &#8220;Al Dente&#8221; spaghetti or potatoes as you like.<\/p>\n<h4>Country of Origin:<\/h4>\n<p>France<\/p>\n<h4>Nutritional information:<\/h4>\n<table>\n<tr>\n<th>Nutrition Declaration (Typical Values):<\/th>\n<th>Per 100g<\/th>\n<\/tr>\n<tr>\n<td>Energy<\/td>\n<td>369kJ<br \/>88kcal<\/td>\n<\/tr>\n<tr>\n<td>Fat<br \/>of wich saturates<\/td>\n<td>4,5g<br \/>1,7g<\/td>\n<\/tr>\n<tr>\n<td>Carbohydrate<br \/>of which sugars<\/td>\n<td>3,3g<br \/>0,8g<\/td>\n<\/tr>\n<tr>\n<td>Protein<\/td>\n<td>8g<\/td>\n<\/tr>\n<tr>\n<td>Salt<\/td>\n<td>1,2g<\/td>\n<\/tr>\n<\/table>\n<h4>Distributed by:<\/h4>\n<p>Onelink Lda<br \/>\nRua Quinta dos \u00c1lamos n.\u00ba 3<br \/>\n2625-577 Vialonga<\/p>\n<h4>Notice about our product information:<\/h4>\n<p>Always confirm the information on the article label. Food products are subject to constant change, for this reason, we recommend that you always read the labeling information that accompanies each product, including the nutritional information, ingredient list, storage, preparation and use instructions as well as other information before use or consumption.<\/p>\n","protected":false},"excerpt":{"rendered":"<p>A typical S\u00e9tois dish, the stuffed mussels are made with respect for the know-how and recipes of the past.<br \/>\nThe mussels are stuffed by hand with pork filling and flavoured with herbs from the South of France.<\/p>\n","protected":false},"featured_media":54354,"comment_status":"closed","ping_status":"closed","template":"","meta":{"_acf_changed":false,"_lmt_disableupdate":"","_lmt_disable":"","ep_exclude_from_search":false},"socilink_saboresdomundo_tag":[2780,5068],"product_brand":[7724,7726],"product_cat":[2711,2592,2589],"product_tag":[],"class_list":{"0":"post-54412","1":"product","2":"type-product","3":"status-publish","4":"has-post-thumbnail","6":"socilink_saboresdomundo_tag-europe","7":"socilink_saboresdomundo_tag-france","8":"product_brand-azais-polito-en","9":"product_brand-ready-meals","10":"product_cat-all-products","11":"product_cat-canned-fish","12":"product_cat-meat-preservers-charcuterie","14":"first","15":"instock","16":"product-type-simple"},"acf":[],"yoast_head":"<!-- This site is optimized with the Yoast SEO plugin v27.4 - https:\/\/yoast.com\/product\/yoast-seo-wordpress\/ -->\n<title>Aza\u00efs-Polito Stuffed mussels \u00e0 la S\u00e9toise Le Gourmand 630g<\/title>\n<meta name=\"description\" content=\"A typical S\u00e9tois dish, the stuffed mussels are made with respect for the know-how and recipes of the past. The mussels are stuffed by hand with pork filling and flavoured with herbs from the South of France.\" \/>\n<meta name=\"robots\" content=\"index, follow, max-snippet:-1, max-image-preview:large, max-video-preview:-1\" \/>\n<link rel=\"canonical\" href=\"https:\/\/www.onelink.pt\/en\/products\/azais-polito-stuffed-mussels-a-la-setoise-le-gourmand-630g\/\" \/>\n<meta property=\"og:locale\" content=\"en_US\" \/>\n<meta property=\"og:type\" content=\"article\" \/>\n<meta property=\"og:title\" content=\"Aza\u00efs-Polito Stuffed mussels \u00e0 la S\u00e9toise Le Gourmand 630g\" \/>\n<meta property=\"og:description\" content=\"A typical S\u00e9tois dish, the stuffed mussels are made with respect for the know-how and recipes of the past. The mussels are stuffed by hand with pork filling and flavoured with herbs from the South of France.\" \/>\n<meta property=\"og:url\" content=\"https:\/\/www.onelink.pt\/en\/products\/azais-polito-stuffed-mussels-a-la-setoise-le-gourmand-630g\/\" \/>\n<meta property=\"og:site_name\" content=\"Onelink\" \/>\n<meta property=\"article:publisher\" content=\"https:\/\/www.facebook.com\/onelinkjust4brands\/\" \/>\n<meta property=\"article:modified_time\" content=\"2023-11-06T16:43:21+00:00\" \/>\n<meta property=\"og:image\" content=\"https:\/\/www.onelink.pt\/wp-content\/uploads\/2023\/03\/o12413-mexilhao-recheado-a-la-setoise-le-gourmand-azais-polito-630g.jpg\" \/>\n\t<meta property=\"og:image:width\" content=\"800\" \/>\n\t<meta property=\"og:image:height\" content=\"800\" \/>\n\t<meta property=\"og:image:type\" content=\"image\/jpeg\" \/>\n<meta name=\"twitter:card\" content=\"summary_large_image\" \/>\n<meta name=\"twitter:title\" content=\"Aza\u00efs-Polito Stuffed mussels \u00e0 la S\u00e9toise Le Gourmand 630g\" \/>\n<meta name=\"twitter:label1\" content=\"Est. reading time\" \/>\n\t<meta name=\"twitter:data1\" content=\"1 minute\" \/>\n<script type=\"application\/ld+json\" class=\"yoast-schema-graph\">{\"@context\":\"https:\\\/\\\/schema.org\",\"@graph\":[{\"@type\":\"WebPage\",\"@id\":\"https:\\\/\\\/www.onelink.pt\\\/en\\\/products\\\/azais-polito-stuffed-mussels-a-la-setoise-le-gourmand-630g\\\/\",\"url\":\"https:\\\/\\\/www.onelink.pt\\\/en\\\/products\\\/azais-polito-stuffed-mussels-a-la-setoise-le-gourmand-630g\\\/\",\"name\":\"Aza\u00efs-Polito Stuffed mussels \u00e0 la S\u00e9toise Le Gourmand 630g\",\"isPartOf\":{\"@id\":\"https:\\\/\\\/www.onelink.pt\\\/en\\\/#website\"},\"primaryImageOfPage\":{\"@id\":\"https:\\\/\\\/www.onelink.pt\\\/en\\\/products\\\/azais-polito-stuffed-mussels-a-la-setoise-le-gourmand-630g\\\/#primaryimage\"},\"image\":{\"@id\":\"https:\\\/\\\/www.onelink.pt\\\/en\\\/products\\\/azais-polito-stuffed-mussels-a-la-setoise-le-gourmand-630g\\\/#primaryimage\"},\"thumbnailUrl\":\"https:\\\/\\\/www.onelink.pt\\\/wp-content\\\/uploads\\\/2023\\\/03\\\/o12413-mexilhao-recheado-a-la-setoise-le-gourmand-azais-polito-630g.jpg\",\"datePublished\":\"2023-11-06T16:43:13+00:00\",\"dateModified\":\"2023-11-06T16:43:21+00:00\",\"description\":\"A typical S\u00e9tois dish, the stuffed mussels are made with respect for the know-how and recipes of the past. The mussels are stuffed by hand with pork filling and flavoured with herbs from the South of France.\",\"breadcrumb\":{\"@id\":\"https:\\\/\\\/www.onelink.pt\\\/en\\\/products\\\/azais-polito-stuffed-mussels-a-la-setoise-le-gourmand-630g\\\/#breadcrumb\"},\"inLanguage\":\"en-US\",\"potentialAction\":[{\"@type\":\"ReadAction\",\"target\":[\"https:\\\/\\\/www.onelink.pt\\\/en\\\/products\\\/azais-polito-stuffed-mussels-a-la-setoise-le-gourmand-630g\\\/\"]}]},{\"@type\":\"ImageObject\",\"inLanguage\":\"en-US\",\"@id\":\"https:\\\/\\\/www.onelink.pt\\\/en\\\/products\\\/azais-polito-stuffed-mussels-a-la-setoise-le-gourmand-630g\\\/#primaryimage\",\"url\":\"https:\\\/\\\/www.onelink.pt\\\/wp-content\\\/uploads\\\/2023\\\/03\\\/o12413-mexilhao-recheado-a-la-setoise-le-gourmand-azais-polito-630g.jpg\",\"contentUrl\":\"https:\\\/\\\/www.onelink.pt\\\/wp-content\\\/uploads\\\/2023\\\/03\\\/o12413-mexilhao-recheado-a-la-setoise-le-gourmand-azais-polito-630g.jpg\",\"width\":800,\"height\":800,\"caption\":\"Aza\u00efs-Polito Stuffed mussels \u00e0 la S\u00e9toise Le Gourmand 630g\"},{\"@type\":\"BreadcrumbList\",\"@id\":\"https:\\\/\\\/www.onelink.pt\\\/en\\\/products\\\/azais-polito-stuffed-mussels-a-la-setoise-le-gourmand-630g\\\/#breadcrumb\",\"itemListElement\":[{\"@type\":\"ListItem\",\"position\":1,\"name\":\"In\u00edcio\",\"item\":\"https:\\\/\\\/www.onelink.pt\\\/en\\\/\"},{\"@type\":\"ListItem\",\"position\":2,\"name\":\"Products\",\"item\":\"https:\\\/\\\/www.onelink.pt\\\/en\\\/products\\\/\"},{\"@type\":\"ListItem\",\"position\":3,\"name\":\"Aza\u00efs-Polito Stuffed mussels \u00e0 la S\u00e9toise Le Gourmand 630g\"}]},{\"@type\":\"WebSite\",\"@id\":\"https:\\\/\\\/www.onelink.pt\\\/en\\\/#website\",\"url\":\"https:\\\/\\\/www.onelink.pt\\\/en\\\/\",\"name\":\"Onelink\",\"description\":\"Just for Brands\",\"publisher\":{\"@id\":\"https:\\\/\\\/www.onelink.pt\\\/en\\\/#organization\"},\"potentialAction\":[{\"@type\":\"SearchAction\",\"target\":{\"@type\":\"EntryPoint\",\"urlTemplate\":\"https:\\\/\\\/www.onelink.pt\\\/en\\\/?s={search_term_string}\"},\"query-input\":{\"@type\":\"PropertyValueSpecification\",\"valueRequired\":true,\"valueName\":\"search_term_string\"}}],\"inLanguage\":\"en-US\"},{\"@type\":\"Organization\",\"@id\":\"https:\\\/\\\/www.onelink.pt\\\/en\\\/#organization\",\"name\":\"Onelink\",\"url\":\"https:\\\/\\\/www.onelink.pt\\\/en\\\/\",\"logo\":{\"@type\":\"ImageObject\",\"inLanguage\":\"en-US\",\"@id\":\"https:\\\/\\\/www.onelink.pt\\\/en\\\/#\\\/schema\\\/logo\\\/image\\\/\",\"url\":\"https:\\\/\\\/www.onelink.pt\\\/wp-content\\\/uploads\\\/2020\\\/05\\\/logo-onelink-min.svg\",\"contentUrl\":\"https:\\\/\\\/www.onelink.pt\\\/wp-content\\\/uploads\\\/2020\\\/05\\\/logo-onelink-min.svg\",\"width\":1,\"height\":1,\"caption\":\"Onelink\"},\"image\":{\"@id\":\"https:\\\/\\\/www.onelink.pt\\\/en\\\/#\\\/schema\\\/logo\\\/image\\\/\"},\"sameAs\":[\"https:\\\/\\\/www.facebook.com\\\/onelinkjust4brands\\\/\",\"https:\\\/\\\/www.instagram.com\\\/onelink_just_for_brands\\\/\",\"https:\\\/\\\/www.linkedin.com\\\/company\\\/onelink-just4brans\\\/\"]}]}<\/script>\n<!-- \/ Yoast SEO plugin. -->","yoast_head_json":{"title":"Aza\u00efs-Polito Stuffed mussels \u00e0 la S\u00e9toise Le Gourmand 630g","description":"A typical S\u00e9tois dish, the stuffed mussels are made with respect for the know-how and recipes of the past. The mussels are stuffed by hand with pork filling and flavoured with herbs from the South of France.","robots":{"index":"index","follow":"follow","max-snippet":"max-snippet:-1","max-image-preview":"max-image-preview:large","max-video-preview":"max-video-preview:-1"},"canonical":"https:\/\/www.onelink.pt\/en\/products\/azais-polito-stuffed-mussels-a-la-setoise-le-gourmand-630g\/","og_locale":"en_US","og_type":"article","og_title":"Aza\u00efs-Polito Stuffed mussels \u00e0 la S\u00e9toise Le Gourmand 630g","og_description":"A typical S\u00e9tois dish, the stuffed mussels are made with respect for the know-how and recipes of the past. The mussels are stuffed by hand with pork filling and flavoured with herbs from the South of France.","og_url":"https:\/\/www.onelink.pt\/en\/products\/azais-polito-stuffed-mussels-a-la-setoise-le-gourmand-630g\/","og_site_name":"Onelink","article_publisher":"https:\/\/www.facebook.com\/onelinkjust4brands\/","article_modified_time":"2023-11-06T16:43:21+00:00","og_image":[{"width":800,"height":800,"url":"https:\/\/www.onelink.pt\/wp-content\/uploads\/2023\/03\/o12413-mexilhao-recheado-a-la-setoise-le-gourmand-azais-polito-630g.jpg","type":"image\/jpeg"}],"twitter_card":"summary_large_image","twitter_title":"Aza\u00efs-Polito Stuffed mussels \u00e0 la S\u00e9toise Le Gourmand 630g","twitter_misc":{"Est. reading time":"1 minute"},"schema":{"@context":"https:\/\/schema.org","@graph":[{"@type":"WebPage","@id":"https:\/\/www.onelink.pt\/en\/products\/azais-polito-stuffed-mussels-a-la-setoise-le-gourmand-630g\/","url":"https:\/\/www.onelink.pt\/en\/products\/azais-polito-stuffed-mussels-a-la-setoise-le-gourmand-630g\/","name":"Aza\u00efs-Polito Stuffed mussels \u00e0 la S\u00e9toise Le Gourmand 630g","isPartOf":{"@id":"https:\/\/www.onelink.pt\/en\/#website"},"primaryImageOfPage":{"@id":"https:\/\/www.onelink.pt\/en\/products\/azais-polito-stuffed-mussels-a-la-setoise-le-gourmand-630g\/#primaryimage"},"image":{"@id":"https:\/\/www.onelink.pt\/en\/products\/azais-polito-stuffed-mussels-a-la-setoise-le-gourmand-630g\/#primaryimage"},"thumbnailUrl":"https:\/\/www.onelink.pt\/wp-content\/uploads\/2023\/03\/o12413-mexilhao-recheado-a-la-setoise-le-gourmand-azais-polito-630g.jpg","datePublished":"2023-11-06T16:43:13+00:00","dateModified":"2023-11-06T16:43:21+00:00","description":"A typical S\u00e9tois dish, the stuffed mussels are made with respect for the know-how and recipes of the past. The mussels are stuffed by hand with pork filling and flavoured with herbs from the South of France.","breadcrumb":{"@id":"https:\/\/www.onelink.pt\/en\/products\/azais-polito-stuffed-mussels-a-la-setoise-le-gourmand-630g\/#breadcrumb"},"inLanguage":"en-US","potentialAction":[{"@type":"ReadAction","target":["https:\/\/www.onelink.pt\/en\/products\/azais-polito-stuffed-mussels-a-la-setoise-le-gourmand-630g\/"]}]},{"@type":"ImageObject","inLanguage":"en-US","@id":"https:\/\/www.onelink.pt\/en\/products\/azais-polito-stuffed-mussels-a-la-setoise-le-gourmand-630g\/#primaryimage","url":"https:\/\/www.onelink.pt\/wp-content\/uploads\/2023\/03\/o12413-mexilhao-recheado-a-la-setoise-le-gourmand-azais-polito-630g.jpg","contentUrl":"https:\/\/www.onelink.pt\/wp-content\/uploads\/2023\/03\/o12413-mexilhao-recheado-a-la-setoise-le-gourmand-azais-polito-630g.jpg","width":800,"height":800,"caption":"Aza\u00efs-Polito Stuffed mussels \u00e0 la S\u00e9toise Le Gourmand 630g"},{"@type":"BreadcrumbList","@id":"https:\/\/www.onelink.pt\/en\/products\/azais-polito-stuffed-mussels-a-la-setoise-le-gourmand-630g\/#breadcrumb","itemListElement":[{"@type":"ListItem","position":1,"name":"In\u00edcio","item":"https:\/\/www.onelink.pt\/en\/"},{"@type":"ListItem","position":2,"name":"Products","item":"https:\/\/www.onelink.pt\/en\/products\/"},{"@type":"ListItem","position":3,"name":"Aza\u00efs-Polito Stuffed mussels \u00e0 la S\u00e9toise Le Gourmand 630g"}]},{"@type":"WebSite","@id":"https:\/\/www.onelink.pt\/en\/#website","url":"https:\/\/www.onelink.pt\/en\/","name":"Onelink","description":"Just for Brands","publisher":{"@id":"https:\/\/www.onelink.pt\/en\/#organization"},"potentialAction":[{"@type":"SearchAction","target":{"@type":"EntryPoint","urlTemplate":"https:\/\/www.onelink.pt\/en\/?s={search_term_string}"},"query-input":{"@type":"PropertyValueSpecification","valueRequired":true,"valueName":"search_term_string"}}],"inLanguage":"en-US"},{"@type":"Organization","@id":"https:\/\/www.onelink.pt\/en\/#organization","name":"Onelink","url":"https:\/\/www.onelink.pt\/en\/","logo":{"@type":"ImageObject","inLanguage":"en-US","@id":"https:\/\/www.onelink.pt\/en\/#\/schema\/logo\/image\/","url":"https:\/\/www.onelink.pt\/wp-content\/uploads\/2020\/05\/logo-onelink-min.svg","contentUrl":"https:\/\/www.onelink.pt\/wp-content\/uploads\/2020\/05\/logo-onelink-min.svg","width":1,"height":1,"caption":"Onelink"},"image":{"@id":"https:\/\/www.onelink.pt\/en\/#\/schema\/logo\/image\/"},"sameAs":["https:\/\/www.facebook.com\/onelinkjust4brands\/","https:\/\/www.instagram.com\/onelink_just_for_brands\/","https:\/\/www.linkedin.com\/company\/onelink-just4brans\/"]}]}},"_links":{"self":[{"href":"https:\/\/www.onelink.pt\/en\/wp-json\/wp\/v2\/product\/54412","targetHints":{"allow":["GET"]}}],"collection":[{"href":"https:\/\/www.onelink.pt\/en\/wp-json\/wp\/v2\/product"}],"about":[{"href":"https:\/\/www.onelink.pt\/en\/wp-json\/wp\/v2\/types\/product"}],"replies":[{"embeddable":true,"href":"https:\/\/www.onelink.pt\/en\/wp-json\/wp\/v2\/comments?post=54412"}],"wp:featuredmedia":[{"embeddable":true,"href":"https:\/\/www.onelink.pt\/en\/wp-json\/wp\/v2\/media\/54354"}],"wp:attachment":[{"href":"https:\/\/www.onelink.pt\/en\/wp-json\/wp\/v2\/media?parent=54412"}],"wp:term":[{"taxonomy":"socilink_saboresdomundo_tag","embeddable":true,"href":"https:\/\/www.onelink.pt\/en\/wp-json\/wp\/v2\/socilink_saboresdomundo_tag?post=54412"},{"taxonomy":"product_brand","embeddable":true,"href":"https:\/\/www.onelink.pt\/en\/wp-json\/wp\/v2\/product_brand?post=54412"},{"taxonomy":"product_cat","embeddable":true,"href":"https:\/\/www.onelink.pt\/en\/wp-json\/wp\/v2\/product_cat?post=54412"},{"taxonomy":"product_tag","embeddable":true,"href":"https:\/\/www.onelink.pt\/en\/wp-json\/wp\/v2\/product_tag?post=54412"}],"curies":[{"name":"wp","href":"https:\/\/api.w.org\/{rel}","templated":true}]}}