{"id":55644,"date":"2026-04-17T10:48:28","date_gmt":"2026-04-17T09:48:28","guid":{"rendered":"https:\/\/www.onelink.pt\/products\/bysocilink-no16-canned-fish-set-sardine-tuna-mackerel-and-shrimp-pates-4x65g\/"},"modified":"2026-04-17T10:48:38","modified_gmt":"2026-04-17T09:48:38","slug":"bysocilink-no16-canned-fish-set-sardine-tuna-mackerel-and-shrimp-pates-4x65g","status":"publish","type":"product","link":"https:\/\/www.onelink.pt\/en\/products\/bysocilink-no16-canned-fish-set-sardine-tuna-mackerel-and-shrimp-pates-4x65g\/","title":{"rendered":"bySocilink N\u00ba16 Canned Fish Set Sardine, Tuna, Mackerel and Shrimp Pat\u00e9s 4x65g"},"content":{"rendered":"<h4>Product Description<\/h4>\n<p>bySocilink Canned Fish takes us back to the history of the Portuguese people, eternally linked to the sea in the search for conquests and gastronomic delicacies.<\/p>\n<p>Now, we conquer you with the symbiosis between products from artisanal fishing and fine spices, which elevate the art of preserving to the Premium level, challenging the palate!<\/p>\n<p>Purely handmade, designed with top quality national fish, meticulously canned and hand-packed, bySocilink Preserves combine flavour, quality and prestige which sets them apart from the rest.<\/p>\n<p>We have selected for you a set of 4 tinned pat\u00e9s composed of:<br \/>\nbySocilink Sardine Pat\u00e9 65g<br \/>\nbySocilink Tuna Pat\u00e9 65g<br \/>\nbySocilink Mackerel Pat\u00e9 65g<br \/>\nbySocilink Shrimp Pat\u00e9 65g<\/p>\n<h4>Ingredients:<\/h4>\n<p>Sardine Paste:<br \/>\nSARDINES (40%), MACKEREL (20%), sunflower oil, water, tomato concentrated, SOY protein, MUSTARD flavoring,  spices, salt.<\/p>\n<p>Tuna Paste:<br \/>\nTUNA (FISH)(40%), sunflower oil,  water, potato flakes [potato, emulsifier (mono and diglycerides af fatty acids, disodium diphosphate), acidity regulator (citric acid), antioxidant (fatty acid esters of ascorbic acid), preservative (sodium metabisulphite (SULFITES), curcumin and spices)], tomato concentrate, MUSTARD flavoring, spices and  salt.<\/p>\n<p>Mackerel Paste:<br \/>\nMACKEREL (60%), sunflower oil, water, tomato concentrated, SOY protein (SULFITES), MUSTARD flavoring [water, vinegar, sugar, salt, modified corn starch, MUSTARD flour, stabilizers (carob seed flour and guar gum), spices], salt, spices.<\/p>\n<p>Shrimp Paste:<br \/>\nSHRIMP (35%), SURIMI [FISH (48%), water, WHEAT flour starch, SOY protein, sugar, salt, CRAB extract, rice wine, coloring (E170 and E120), EGG white], vegetable oil (sunflower), potato flakes [potato, emulsifiers (E471), stabilizer (E450), spices (E100), antioxidant (E340 (i)), antioxidant (E330), preservative (E223) (SULFITES)], margarine [oils and fats of simple vegetable origin (palm oil and its fractions), water, salt, emulsifiers (E322 and E471), preservative (E202), acidity regulator (E330), aroma, color ( anato \/ beta-carotene)], onion, SHRIMP flavoring (GLUTEN, MILK, SOY), tomato concentrate, MUSTARD flavoring, salt and spices\n<\/p>\n<h4>Allergens:<\/h4>\n<p>See ingredients in UPPERCASE.<\/p>\n<h4>Storage:<\/h4>\n<p>Store in a cool, dry place. After opening keep refrigerated and consume in 24 hours.<\/p>\n<h4>Country of Origin:<\/h4>\n<p>Portugal<\/p>\n<h4>Distributed by:<\/h4>\n<p>Onelink Lda<br \/>\nRua Quinta dos \u00c1lamos n.\u00ba 3<br \/>\n2625-577 Vialonga<\/p>\n<h4>Notice about our product information:<\/h4>\n<p>Always confirm the information on the article label. Food products are subject to constant change, for this reason, we recommend that you always read the labeling information that accompanies each product, including the nutritional information, ingredient list, storage, preparation and use instructions as well as other information before use or consumption.<\/p>\n","protected":false},"excerpt":{"rendered":"<p>A selection of 4 fish Pates composed by: Sardine Pat\u00e9 65g, Tuna Pat\u00e9 65g, Mackerel Pat\u00e9 65g, Shrimp Pat\u00e9 65g.<\/p>\n","protected":false},"featured_media":55634,"comment_status":"closed","ping_status":"closed","template":"","meta":{"_acf_changed":false,"_lmt_disableupdate":"","_lmt_disable":"","ep_exclude_from_search":false},"socilink_saboresdomundo_tag":[2780,2793],"product_brand":[4634,4642],"product_cat":[2711,2591,2597,2589,7204,2601],"product_tag":[],"class_list":{"0":"post-55644","1":"product","2":"type-product","3":"status-publish","4":"has-post-thumbnail","6":"socilink_saboresdomundo_tag-europe","7":"socilink_saboresdomundo_tag-portugal-en","8":"product_brand-bysocilink-en","9":"product_brand-fish-spreads-sets","10":"product_cat-all-products","11":"product_cat-canned-fish-sets","12":"product_cat-fish-pastes","13":"product_cat-meat-preservers-charcuterie","14":"product_cat-spreads","15":"product_cat-sweets-snacks","16":"pa_caracteristicas-gift-suggestion","18":"first","19":"onbackorder","20":"product-type-simple"},"acf":[],"yoast_head":"<!-- This site is optimized with the Yoast SEO plugin v27.4 - https:\/\/yoast.com\/product\/yoast-seo-wordpress\/ -->\n<title>bySocilink N\u00ba16 Canned Fish Set Sardine, Tuna, Mackerel and Shrimp Pat\u00e9s 4x65g<\/title>\n<meta name=\"description\" content=\"A selection of 4 fish Pates composed by: Sardine Pat\u00e9 65g, Tuna Pat\u00e9 65g, Mackerel Pat\u00e9 65g, Shrimp Pat\u00e9 65g.\" \/>\n<meta name=\"robots\" content=\"index, follow, max-snippet:-1, max-image-preview:large, max-video-preview:-1\" \/>\n<link rel=\"canonical\" href=\"https:\/\/www.onelink.pt\/en\/products\/bysocilink-no16-canned-fish-set-sardine-tuna-mackerel-and-shrimp-pates-4x65g\/\" \/>\n<meta property=\"og:locale\" content=\"en_US\" \/>\n<meta property=\"og:type\" content=\"article\" \/>\n<meta property=\"og:title\" content=\"bySocilink N\u00ba16 Canned Fish Set Sardine, Tuna, Mackerel and Shrimp Pat\u00e9s 4x65g\" \/>\n<meta property=\"og:description\" content=\"A selection of 4 fish Pates composed by: Sardine Pat\u00e9 65g, Tuna Pat\u00e9 65g, Mackerel Pat\u00e9 65g, Shrimp Pat\u00e9 65g.\" \/>\n<meta property=\"og:url\" content=\"https:\/\/www.onelink.pt\/en\/products\/bysocilink-no16-canned-fish-set-sardine-tuna-mackerel-and-shrimp-pates-4x65g\/\" \/>\n<meta property=\"og:site_name\" content=\"Onelink\" \/>\n<meta property=\"article:publisher\" content=\"https:\/\/www.facebook.com\/onelinkjust4brands\/\" \/>\n<meta property=\"article:modified_time\" content=\"2026-04-17T09:48:38+00:00\" \/>\n<meta property=\"og:image\" content=\"https:\/\/www.onelink.pt\/wp-content\/uploads\/2023\/07\/o12575-conjunto-de-conservas-n16-pates-sardinha-atum-cavala-e-camarao-bysocilink-4x65g.jpg\" \/>\n\t<meta property=\"og:image:width\" content=\"800\" \/>\n\t<meta property=\"og:image:height\" content=\"800\" \/>\n\t<meta property=\"og:image:type\" content=\"image\/jpeg\" \/>\n<meta name=\"twitter:card\" content=\"summary_large_image\" \/>\n<meta name=\"twitter:title\" content=\"bySocilink N\u00ba16 Canned Fish Set Sardine, Tuna, Mackerel and Shrimp Pat\u00e9s 4x65g\" \/>\n<meta name=\"twitter:label1\" content=\"Est. reading time\" \/>\n\t<meta name=\"twitter:data1\" content=\"2 minutes\" \/>\n<script type=\"application\/ld+json\" class=\"yoast-schema-graph\">{\"@context\":\"https:\\\/\\\/schema.org\",\"@graph\":[{\"@type\":\"WebPage\",\"@id\":\"https:\\\/\\\/www.onelink.pt\\\/en\\\/products\\\/bysocilink-no16-canned-fish-set-sardine-tuna-mackerel-and-shrimp-pates-4x65g\\\/\",\"url\":\"https:\\\/\\\/www.onelink.pt\\\/en\\\/products\\\/bysocilink-no16-canned-fish-set-sardine-tuna-mackerel-and-shrimp-pates-4x65g\\\/\",\"name\":\"bySocilink N\u00ba16 Canned Fish Set Sardine, Tuna, Mackerel and Shrimp Pat\u00e9s 4x65g\",\"isPartOf\":{\"@id\":\"https:\\\/\\\/www.onelink.pt\\\/en\\\/#website\"},\"primaryImageOfPage\":{\"@id\":\"https:\\\/\\\/www.onelink.pt\\\/en\\\/products\\\/bysocilink-no16-canned-fish-set-sardine-tuna-mackerel-and-shrimp-pates-4x65g\\\/#primaryimage\"},\"image\":{\"@id\":\"https:\\\/\\\/www.onelink.pt\\\/en\\\/products\\\/bysocilink-no16-canned-fish-set-sardine-tuna-mackerel-and-shrimp-pates-4x65g\\\/#primaryimage\"},\"thumbnailUrl\":\"https:\\\/\\\/www.onelink.pt\\\/wp-content\\\/uploads\\\/2023\\\/07\\\/o12575-conjunto-de-conservas-n16-pates-sardinha-atum-cavala-e-camarao-bysocilink-4x65g.jpg\",\"datePublished\":\"2026-04-17T09:48:28+00:00\",\"dateModified\":\"2026-04-17T09:48:38+00:00\",\"description\":\"A selection of 4 fish Pates composed by: Sardine Pat\u00e9 65g, Tuna Pat\u00e9 65g, Mackerel Pat\u00e9 65g, Shrimp Pat\u00e9 65g.\",\"breadcrumb\":{\"@id\":\"https:\\\/\\\/www.onelink.pt\\\/en\\\/products\\\/bysocilink-no16-canned-fish-set-sardine-tuna-mackerel-and-shrimp-pates-4x65g\\\/#breadcrumb\"},\"inLanguage\":\"en-US\",\"potentialAction\":[{\"@type\":\"ReadAction\",\"target\":[\"https:\\\/\\\/www.onelink.pt\\\/en\\\/products\\\/bysocilink-no16-canned-fish-set-sardine-tuna-mackerel-and-shrimp-pates-4x65g\\\/\"]}]},{\"@type\":\"ImageObject\",\"inLanguage\":\"en-US\",\"@id\":\"https:\\\/\\\/www.onelink.pt\\\/en\\\/products\\\/bysocilink-no16-canned-fish-set-sardine-tuna-mackerel-and-shrimp-pates-4x65g\\\/#primaryimage\",\"url\":\"https:\\\/\\\/www.onelink.pt\\\/wp-content\\\/uploads\\\/2023\\\/07\\\/o12575-conjunto-de-conservas-n16-pates-sardinha-atum-cavala-e-camarao-bysocilink-4x65g.jpg\",\"contentUrl\":\"https:\\\/\\\/www.onelink.pt\\\/wp-content\\\/uploads\\\/2023\\\/07\\\/o12575-conjunto-de-conservas-n16-pates-sardinha-atum-cavala-e-camarao-bysocilink-4x65g.jpg\",\"width\":800,\"height\":800,\"caption\":\"bySocilink N\u00ba16 Canned Fish Set Sardine\"},{\"@type\":\"BreadcrumbList\",\"@id\":\"https:\\\/\\\/www.onelink.pt\\\/en\\\/products\\\/bysocilink-no16-canned-fish-set-sardine-tuna-mackerel-and-shrimp-pates-4x65g\\\/#breadcrumb\",\"itemListElement\":[{\"@type\":\"ListItem\",\"position\":1,\"name\":\"In\u00edcio\",\"item\":\"https:\\\/\\\/www.onelink.pt\\\/en\\\/\"},{\"@type\":\"ListItem\",\"position\":2,\"name\":\"Products\",\"item\":\"https:\\\/\\\/www.onelink.pt\\\/en\\\/products\\\/\"},{\"@type\":\"ListItem\",\"position\":3,\"name\":\"bySocilink N\u00ba16 Canned Fish Set Sardine, Tuna, Mackerel and Shrimp Pat\u00e9s 4x65g\"}]},{\"@type\":\"WebSite\",\"@id\":\"https:\\\/\\\/www.onelink.pt\\\/en\\\/#website\",\"url\":\"https:\\\/\\\/www.onelink.pt\\\/en\\\/\",\"name\":\"Onelink\",\"description\":\"Just for Brands\",\"publisher\":{\"@id\":\"https:\\\/\\\/www.onelink.pt\\\/en\\\/#organization\"},\"potentialAction\":[{\"@type\":\"SearchAction\",\"target\":{\"@type\":\"EntryPoint\",\"urlTemplate\":\"https:\\\/\\\/www.onelink.pt\\\/en\\\/?s={search_term_string}\"},\"query-input\":{\"@type\":\"PropertyValueSpecification\",\"valueRequired\":true,\"valueName\":\"search_term_string\"}}],\"inLanguage\":\"en-US\"},{\"@type\":\"Organization\",\"@id\":\"https:\\\/\\\/www.onelink.pt\\\/en\\\/#organization\",\"name\":\"Onelink\",\"url\":\"https:\\\/\\\/www.onelink.pt\\\/en\\\/\",\"logo\":{\"@type\":\"ImageObject\",\"inLanguage\":\"en-US\",\"@id\":\"https:\\\/\\\/www.onelink.pt\\\/en\\\/#\\\/schema\\\/logo\\\/image\\\/\",\"url\":\"https:\\\/\\\/www.onelink.pt\\\/wp-content\\\/uploads\\\/2020\\\/05\\\/logo-onelink-min.svg\",\"contentUrl\":\"https:\\\/\\\/www.onelink.pt\\\/wp-content\\\/uploads\\\/2020\\\/05\\\/logo-onelink-min.svg\",\"width\":1,\"height\":1,\"caption\":\"Onelink\"},\"image\":{\"@id\":\"https:\\\/\\\/www.onelink.pt\\\/en\\\/#\\\/schema\\\/logo\\\/image\\\/\"},\"sameAs\":[\"https:\\\/\\\/www.facebook.com\\\/onelinkjust4brands\\\/\",\"https:\\\/\\\/www.instagram.com\\\/onelink_just_for_brands\\\/\",\"https:\\\/\\\/www.linkedin.com\\\/company\\\/onelink-just4brans\\\/\"]}]}<\/script>\n<!-- \/ Yoast SEO plugin. -->","yoast_head_json":{"title":"bySocilink N\u00ba16 Canned Fish Set Sardine, Tuna, Mackerel and Shrimp Pat\u00e9s 4x65g","description":"A selection of 4 fish Pates composed by: Sardine Pat\u00e9 65g, Tuna Pat\u00e9 65g, Mackerel Pat\u00e9 65g, Shrimp Pat\u00e9 65g.","robots":{"index":"index","follow":"follow","max-snippet":"max-snippet:-1","max-image-preview":"max-image-preview:large","max-video-preview":"max-video-preview:-1"},"canonical":"https:\/\/www.onelink.pt\/en\/products\/bysocilink-no16-canned-fish-set-sardine-tuna-mackerel-and-shrimp-pates-4x65g\/","og_locale":"en_US","og_type":"article","og_title":"bySocilink N\u00ba16 Canned Fish Set Sardine, Tuna, Mackerel and Shrimp Pat\u00e9s 4x65g","og_description":"A selection of 4 fish Pates composed by: Sardine Pat\u00e9 65g, Tuna Pat\u00e9 65g, Mackerel Pat\u00e9 65g, Shrimp Pat\u00e9 65g.","og_url":"https:\/\/www.onelink.pt\/en\/products\/bysocilink-no16-canned-fish-set-sardine-tuna-mackerel-and-shrimp-pates-4x65g\/","og_site_name":"Onelink","article_publisher":"https:\/\/www.facebook.com\/onelinkjust4brands\/","article_modified_time":"2026-04-17T09:48:38+00:00","og_image":[{"width":800,"height":800,"url":"https:\/\/www.onelink.pt\/wp-content\/uploads\/2023\/07\/o12575-conjunto-de-conservas-n16-pates-sardinha-atum-cavala-e-camarao-bysocilink-4x65g.jpg","type":"image\/jpeg"}],"twitter_card":"summary_large_image","twitter_title":"bySocilink N\u00ba16 Canned Fish Set Sardine, Tuna, Mackerel and Shrimp Pat\u00e9s 4x65g","twitter_misc":{"Est. reading time":"2 minutes"},"schema":{"@context":"https:\/\/schema.org","@graph":[{"@type":"WebPage","@id":"https:\/\/www.onelink.pt\/en\/products\/bysocilink-no16-canned-fish-set-sardine-tuna-mackerel-and-shrimp-pates-4x65g\/","url":"https:\/\/www.onelink.pt\/en\/products\/bysocilink-no16-canned-fish-set-sardine-tuna-mackerel-and-shrimp-pates-4x65g\/","name":"bySocilink N\u00ba16 Canned Fish Set Sardine, Tuna, Mackerel and Shrimp Pat\u00e9s 4x65g","isPartOf":{"@id":"https:\/\/www.onelink.pt\/en\/#website"},"primaryImageOfPage":{"@id":"https:\/\/www.onelink.pt\/en\/products\/bysocilink-no16-canned-fish-set-sardine-tuna-mackerel-and-shrimp-pates-4x65g\/#primaryimage"},"image":{"@id":"https:\/\/www.onelink.pt\/en\/products\/bysocilink-no16-canned-fish-set-sardine-tuna-mackerel-and-shrimp-pates-4x65g\/#primaryimage"},"thumbnailUrl":"https:\/\/www.onelink.pt\/wp-content\/uploads\/2023\/07\/o12575-conjunto-de-conservas-n16-pates-sardinha-atum-cavala-e-camarao-bysocilink-4x65g.jpg","datePublished":"2026-04-17T09:48:28+00:00","dateModified":"2026-04-17T09:48:38+00:00","description":"A selection of 4 fish Pates composed by: Sardine Pat\u00e9 65g, Tuna Pat\u00e9 65g, Mackerel Pat\u00e9 65g, Shrimp Pat\u00e9 65g.","breadcrumb":{"@id":"https:\/\/www.onelink.pt\/en\/products\/bysocilink-no16-canned-fish-set-sardine-tuna-mackerel-and-shrimp-pates-4x65g\/#breadcrumb"},"inLanguage":"en-US","potentialAction":[{"@type":"ReadAction","target":["https:\/\/www.onelink.pt\/en\/products\/bysocilink-no16-canned-fish-set-sardine-tuna-mackerel-and-shrimp-pates-4x65g\/"]}]},{"@type":"ImageObject","inLanguage":"en-US","@id":"https:\/\/www.onelink.pt\/en\/products\/bysocilink-no16-canned-fish-set-sardine-tuna-mackerel-and-shrimp-pates-4x65g\/#primaryimage","url":"https:\/\/www.onelink.pt\/wp-content\/uploads\/2023\/07\/o12575-conjunto-de-conservas-n16-pates-sardinha-atum-cavala-e-camarao-bysocilink-4x65g.jpg","contentUrl":"https:\/\/www.onelink.pt\/wp-content\/uploads\/2023\/07\/o12575-conjunto-de-conservas-n16-pates-sardinha-atum-cavala-e-camarao-bysocilink-4x65g.jpg","width":800,"height":800,"caption":"bySocilink N\u00ba16 Canned Fish Set Sardine"},{"@type":"BreadcrumbList","@id":"https:\/\/www.onelink.pt\/en\/products\/bysocilink-no16-canned-fish-set-sardine-tuna-mackerel-and-shrimp-pates-4x65g\/#breadcrumb","itemListElement":[{"@type":"ListItem","position":1,"name":"In\u00edcio","item":"https:\/\/www.onelink.pt\/en\/"},{"@type":"ListItem","position":2,"name":"Products","item":"https:\/\/www.onelink.pt\/en\/products\/"},{"@type":"ListItem","position":3,"name":"bySocilink N\u00ba16 Canned Fish Set Sardine, Tuna, Mackerel and Shrimp Pat\u00e9s 4x65g"}]},{"@type":"WebSite","@id":"https:\/\/www.onelink.pt\/en\/#website","url":"https:\/\/www.onelink.pt\/en\/","name":"Onelink","description":"Just for Brands","publisher":{"@id":"https:\/\/www.onelink.pt\/en\/#organization"},"potentialAction":[{"@type":"SearchAction","target":{"@type":"EntryPoint","urlTemplate":"https:\/\/www.onelink.pt\/en\/?s={search_term_string}"},"query-input":{"@type":"PropertyValueSpecification","valueRequired":true,"valueName":"search_term_string"}}],"inLanguage":"en-US"},{"@type":"Organization","@id":"https:\/\/www.onelink.pt\/en\/#organization","name":"Onelink","url":"https:\/\/www.onelink.pt\/en\/","logo":{"@type":"ImageObject","inLanguage":"en-US","@id":"https:\/\/www.onelink.pt\/en\/#\/schema\/logo\/image\/","url":"https:\/\/www.onelink.pt\/wp-content\/uploads\/2020\/05\/logo-onelink-min.svg","contentUrl":"https:\/\/www.onelink.pt\/wp-content\/uploads\/2020\/05\/logo-onelink-min.svg","width":1,"height":1,"caption":"Onelink"},"image":{"@id":"https:\/\/www.onelink.pt\/en\/#\/schema\/logo\/image\/"},"sameAs":["https:\/\/www.facebook.com\/onelinkjust4brands\/","https:\/\/www.instagram.com\/onelink_just_for_brands\/","https:\/\/www.linkedin.com\/company\/onelink-just4brans\/"]}]}},"_links":{"self":[{"href":"https:\/\/www.onelink.pt\/en\/wp-json\/wp\/v2\/product\/55644","targetHints":{"allow":["GET"]}}],"collection":[{"href":"https:\/\/www.onelink.pt\/en\/wp-json\/wp\/v2\/product"}],"about":[{"href":"https:\/\/www.onelink.pt\/en\/wp-json\/wp\/v2\/types\/product"}],"replies":[{"embeddable":true,"href":"https:\/\/www.onelink.pt\/en\/wp-json\/wp\/v2\/comments?post=55644"}],"wp:featuredmedia":[{"embeddable":true,"href":"https:\/\/www.onelink.pt\/en\/wp-json\/wp\/v2\/media\/55634"}],"wp:attachment":[{"href":"https:\/\/www.onelink.pt\/en\/wp-json\/wp\/v2\/media?parent=55644"}],"wp:term":[{"taxonomy":"socilink_saboresdomundo_tag","embeddable":true,"href":"https:\/\/www.onelink.pt\/en\/wp-json\/wp\/v2\/socilink_saboresdomundo_tag?post=55644"},{"taxonomy":"product_brand","embeddable":true,"href":"https:\/\/www.onelink.pt\/en\/wp-json\/wp\/v2\/product_brand?post=55644"},{"taxonomy":"product_cat","embeddable":true,"href":"https:\/\/www.onelink.pt\/en\/wp-json\/wp\/v2\/product_cat?post=55644"},{"taxonomy":"product_tag","embeddable":true,"href":"https:\/\/www.onelink.pt\/en\/wp-json\/wp\/v2\/product_tag?post=55644"}],"curies":[{"name":"wp","href":"https:\/\/api.w.org\/{rel}","templated":true}]}}