{"id":58892,"date":"2026-02-27T18:36:33","date_gmt":"2026-02-27T18:36:33","guid":{"rendered":"https:\/\/www.onelink.pt\/products\/fragassi-mediterranean-sauce-250g\/"},"modified":"2026-02-27T18:36:53","modified_gmt":"2026-02-27T18:36:53","slug":"fragassi-mediterranean-sauce-250g","status":"publish","type":"product","link":"https:\/\/www.onelink.pt\/en\/products\/fragassi-mediterranean-sauce-250g\/","title":{"rendered":"Fragassi Mediterranean Sauce 250g"},"content":{"rendered":"<h4>Product Description<\/h4>\n<p>A flavorful, ready-to-use sauce made with 100% Italian ingredients, including tomatoes, olive oil, onions, garlic, celery, and carrots. The sauce is made with traditional Mediterranean ingredients, providing a true taste of Italy. Ideal for those who appreciate authentic and genuine flavors, without preservatives. Simply heat and add to your pasta for a delicious dish in minutes!<\/p>\n<p>Grown in Citt\u00e0 Sant&#8217;Angelo, Abruzzo, between the mountains and the sea, these native tomatoes (Pera Abruzzo) are so perfectly sweet and flavorful that they practically need no salt. Verde Abruzzo, which owns the Fragassi brand, uses only the highest quality ingredients in its ready-made sauces and Fragassi Artisanal Passatas. Naturally sweet and full-bodied, Fragassi Passata and ready-made sauces are produced entirely in Abruzzo, using only the finest ingredients.<\/p>\n<p>Fragassi ready-made sauces are the perfect choice for those looking for a quick and tasty meal. Made with high-quality Italian tomatoes, onions, extra virgin olive oil, and a touch of spices, it&#8217;s ideal for those who appreciate authentic and genuine flavors, without preservatives. Simply heat and add to your pasta for a delicious dish in minutes! Perfect for any occasion, bringing the taste of Italian tradition to your table!<\/p>\n<h4>Ingredients:<\/h4>\n<p>Tomato Pur\u00e9e 90,3%, Extra Virgin Olive Oil , Garlic 1,4%, Onion 1,3%, CELERY, Carrots 0,9%, Salt, Spices, Chili Pepper 0,03%.<\/p>\n<h4>Allergens:<\/h4>\n<p>See ingredients in UPPERCASE. May containf nuts, milk, soy and sulphites.<\/p>\n<h4>Storage:<\/h4>\n<p>Keep in a cool, dark and dry place. After opening, store in the refrigerator and consume within 3 days.<\/p>\n<h4>Country of Origin:<\/h4>\n<p>Italy<\/p>\n<h4>Nutritional information:<\/h4>\n<table>\n<tr>\n<th>Nutrition Declaration (Typical Values):<\/th>\n<th>Per 100g<\/th>\n<\/tr>\n<tr>\n<td>Energy<\/td>\n<td>288kJ<br \/>69kcal<\/td>\n<\/tr>\n<tr>\n<td>Fat<br \/>of wich saturates<\/td>\n<td>4,2g<br \/>0,7g<\/td>\n<\/tr>\n<tr>\n<td>Carbohydrate<br \/>of which sugars<\/td>\n<td>7,5g<br \/>4,7g<\/td>\n<\/tr>\n<tr>\n<td>Protein<\/td>\n<td>1,5g<\/td>\n<\/tr>\n<tr>\n<td>Salt<\/td>\n<td>0,72g<\/td>\n<\/tr>\n<\/table>\n<h4>Distributed by:<\/h4>\n<p>Onelink Lda<br \/>\nRua Quinta dos \u00c1lamos n.\u00ba 3<br \/>\n2625-577 Vialonga<\/p>\n<h4>Notice about our product information:<\/h4>\n<p>Always confirm the information on the article label. Food products are subject to constant change, for this reason, we recommend that you always read the labeling information that accompanies each product, including the nutritional information, ingredient list, storage, preparation and use instructions as well as other information before use or consumption.<\/p>\n","protected":false},"excerpt":{"rendered":"<p>Um molho saboroso e pronto a usar, feito com ingredientes 100% italianos, incluindo tomate, azeite, cebola, alho, aipo e cenoura. O molho \u00e9 elaborado com ingredientes tradicionais do Mediterr\u00e2neo, proporcionando um verdadeiro sabor de It\u00e1lia. Ideal para quem aprecia sabores aut\u00eanticos e genu\u00ednos, sem conservantes. Basta aquecer e adicionar \u00e0 sua massa para um prato delicioso em poucos minutos!<\/p>\n","protected":false},"featured_media":58784,"comment_status":"closed","ping_status":"closed","template":"","meta":{"_acf_changed":false,"_lmt_disableupdate":"","_lmt_disable":"","ep_exclude_from_search":false},"socilink_saboresdomundo_tag":[2780,5070],"product_brand":[8033,8036],"product_cat":[2711,2624,2642],"product_tag":[],"class_list":{"0":"post-58892","1":"product","2":"type-product","3":"status-publish","4":"has-post-thumbnail","6":"socilink_saboresdomundo_tag-europe","7":"socilink_saboresdomundo_tag-italy","8":"product_brand-fragassi-en","9":"product_brand-ready-sauces","10":"product_cat-all-products","11":"product_cat-ingredients-seasonings","12":"product_cat-sauces-mayonnaise-and-ketchups","13":"pa_caracteristicas-new","15":"first","16":"instock","17":"product-type-simple"},"acf":[],"yoast_head":"<!-- This site is optimized with the Yoast SEO plugin v27.3 - https:\/\/yoast.com\/product\/yoast-seo-wordpress\/ -->\n<title>Fragassi Mediterranean Sauce 250g<\/title>\n<meta name=\"description\" content=\"Um molho saboroso e pronto a usar, feito com ingredientes 100% italianos, incluindo tomate, azeite, cebola, alho, aipo e cenoura. O molho \u00e9 elaborado com ingredientes tradicionais do Mediterr\u00e2neo, proporcionando um verdadeiro sabor de It\u00e1lia. Ideal para quem aprecia sabores aut\u00eanticos e genu\u00ednos, sem conservantes. Basta aquecer e adicionar \u00e0 sua massa para um prato delicioso em poucos minutos!\" \/>\n<meta name=\"robots\" content=\"index, follow, max-snippet:-1, max-image-preview:large, max-video-preview:-1\" \/>\n<link rel=\"canonical\" href=\"https:\/\/www.onelink.pt\/en\/products\/fragassi-mediterranean-sauce-250g\/\" \/>\n<meta property=\"og:locale\" content=\"en_US\" \/>\n<meta property=\"og:type\" content=\"article\" \/>\n<meta property=\"og:title\" content=\"Fragassi Mediterranean Sauce 250g\" \/>\n<meta property=\"og:description\" content=\"Um molho saboroso e pronto a usar, feito com ingredientes 100% italianos, incluindo tomate, azeite, cebola, alho, aipo e cenoura. O molho \u00e9 elaborado com ingredientes tradicionais do Mediterr\u00e2neo, proporcionando um verdadeiro sabor de It\u00e1lia. Ideal para quem aprecia sabores aut\u00eanticos e genu\u00ednos, sem conservantes. Basta aquecer e adicionar \u00e0 sua massa para um prato delicioso em poucos minutos!\" \/>\n<meta property=\"og:url\" content=\"https:\/\/www.onelink.pt\/en\/products\/fragassi-mediterranean-sauce-250g\/\" \/>\n<meta property=\"og:site_name\" content=\"Onelink\" \/>\n<meta property=\"article:publisher\" content=\"https:\/\/www.facebook.com\/onelinkjust4brands\/\" \/>\n<meta property=\"article:modified_time\" content=\"2026-02-27T18:36:53+00:00\" \/>\n<meta property=\"og:image\" content=\"https:\/\/www.onelink.pt\/wp-content\/uploads\/2025\/12\/o13066-molho-mediterranico-fragassi-250g.jpg\" \/>\n\t<meta property=\"og:image:width\" content=\"800\" \/>\n\t<meta property=\"og:image:height\" content=\"800\" \/>\n\t<meta property=\"og:image:type\" content=\"image\/jpeg\" \/>\n<meta name=\"twitter:card\" content=\"summary_large_image\" \/>\n<meta name=\"twitter:title\" content=\"Fragassi Mediterranean Sauce 250g\" \/>\n<meta name=\"twitter:label1\" content=\"Est. reading time\" \/>\n\t<meta name=\"twitter:data1\" content=\"2 minutes\" \/>\n<script type=\"application\/ld+json\" class=\"yoast-schema-graph\">{\"@context\":\"https:\\\/\\\/schema.org\",\"@graph\":[{\"@type\":\"WebPage\",\"@id\":\"https:\\\/\\\/www.onelink.pt\\\/en\\\/products\\\/fragassi-mediterranean-sauce-250g\\\/\",\"url\":\"https:\\\/\\\/www.onelink.pt\\\/en\\\/products\\\/fragassi-mediterranean-sauce-250g\\\/\",\"name\":\"Fragassi Mediterranean Sauce 250g\",\"isPartOf\":{\"@id\":\"https:\\\/\\\/www.onelink.pt\\\/en\\\/#website\"},\"primaryImageOfPage\":{\"@id\":\"https:\\\/\\\/www.onelink.pt\\\/en\\\/products\\\/fragassi-mediterranean-sauce-250g\\\/#primaryimage\"},\"image\":{\"@id\":\"https:\\\/\\\/www.onelink.pt\\\/en\\\/products\\\/fragassi-mediterranean-sauce-250g\\\/#primaryimage\"},\"thumbnailUrl\":\"https:\\\/\\\/www.onelink.pt\\\/wp-content\\\/uploads\\\/2025\\\/12\\\/o13066-molho-mediterranico-fragassi-250g.jpg\",\"datePublished\":\"2026-02-27T18:36:33+00:00\",\"dateModified\":\"2026-02-27T18:36:53+00:00\",\"description\":\"Um molho saboroso e pronto a usar, feito com ingredientes 100% italianos, incluindo tomate, azeite, cebola, alho, aipo e cenoura. O molho \u00e9 elaborado com ingredientes tradicionais do Mediterr\u00e2neo, proporcionando um verdadeiro sabor de It\u00e1lia. Ideal para quem aprecia sabores aut\u00eanticos e genu\u00ednos, sem conservantes. Basta aquecer e adicionar \u00e0 sua massa para um prato delicioso em poucos minutos!\",\"breadcrumb\":{\"@id\":\"https:\\\/\\\/www.onelink.pt\\\/en\\\/products\\\/fragassi-mediterranean-sauce-250g\\\/#breadcrumb\"},\"inLanguage\":\"en-US\",\"potentialAction\":[{\"@type\":\"ReadAction\",\"target\":[\"https:\\\/\\\/www.onelink.pt\\\/en\\\/products\\\/fragassi-mediterranean-sauce-250g\\\/\"]}]},{\"@type\":\"ImageObject\",\"inLanguage\":\"en-US\",\"@id\":\"https:\\\/\\\/www.onelink.pt\\\/en\\\/products\\\/fragassi-mediterranean-sauce-250g\\\/#primaryimage\",\"url\":\"https:\\\/\\\/www.onelink.pt\\\/wp-content\\\/uploads\\\/2025\\\/12\\\/o13066-molho-mediterranico-fragassi-250g.jpg\",\"contentUrl\":\"https:\\\/\\\/www.onelink.pt\\\/wp-content\\\/uploads\\\/2025\\\/12\\\/o13066-molho-mediterranico-fragassi-250g.jpg\",\"width\":800,\"height\":800,\"caption\":\"Fragassi Mediterranean Sauce 250g\"},{\"@type\":\"BreadcrumbList\",\"@id\":\"https:\\\/\\\/www.onelink.pt\\\/en\\\/products\\\/fragassi-mediterranean-sauce-250g\\\/#breadcrumb\",\"itemListElement\":[{\"@type\":\"ListItem\",\"position\":1,\"name\":\"In\u00edcio\",\"item\":\"https:\\\/\\\/www.onelink.pt\\\/en\\\/\"},{\"@type\":\"ListItem\",\"position\":2,\"name\":\"Products\",\"item\":\"https:\\\/\\\/www.onelink.pt\\\/en\\\/products\\\/\"},{\"@type\":\"ListItem\",\"position\":3,\"name\":\"Fragassi Mediterranean Sauce 250g\"}]},{\"@type\":\"WebSite\",\"@id\":\"https:\\\/\\\/www.onelink.pt\\\/en\\\/#website\",\"url\":\"https:\\\/\\\/www.onelink.pt\\\/en\\\/\",\"name\":\"Onelink\",\"description\":\"Just for Brands\",\"publisher\":{\"@id\":\"https:\\\/\\\/www.onelink.pt\\\/en\\\/#organization\"},\"potentialAction\":[{\"@type\":\"SearchAction\",\"target\":{\"@type\":\"EntryPoint\",\"urlTemplate\":\"https:\\\/\\\/www.onelink.pt\\\/en\\\/?s={search_term_string}\"},\"query-input\":{\"@type\":\"PropertyValueSpecification\",\"valueRequired\":true,\"valueName\":\"search_term_string\"}}],\"inLanguage\":\"en-US\"},{\"@type\":\"Organization\",\"@id\":\"https:\\\/\\\/www.onelink.pt\\\/en\\\/#organization\",\"name\":\"Onelink\",\"url\":\"https:\\\/\\\/www.onelink.pt\\\/en\\\/\",\"logo\":{\"@type\":\"ImageObject\",\"inLanguage\":\"en-US\",\"@id\":\"https:\\\/\\\/www.onelink.pt\\\/en\\\/#\\\/schema\\\/logo\\\/image\\\/\",\"url\":\"https:\\\/\\\/www.onelink.pt\\\/wp-content\\\/uploads\\\/2020\\\/05\\\/logo-onelink-min.svg\",\"contentUrl\":\"https:\\\/\\\/www.onelink.pt\\\/wp-content\\\/uploads\\\/2020\\\/05\\\/logo-onelink-min.svg\",\"width\":1,\"height\":1,\"caption\":\"Onelink\"},\"image\":{\"@id\":\"https:\\\/\\\/www.onelink.pt\\\/en\\\/#\\\/schema\\\/logo\\\/image\\\/\"},\"sameAs\":[\"https:\\\/\\\/www.facebook.com\\\/onelinkjust4brands\\\/\",\"https:\\\/\\\/www.instagram.com\\\/onelink_just_for_brands\\\/\",\"https:\\\/\\\/www.linkedin.com\\\/company\\\/onelink-just4brans\\\/\"]}]}<\/script>\n<!-- \/ Yoast SEO plugin. -->","yoast_head_json":{"title":"Fragassi Mediterranean Sauce 250g","description":"Um molho saboroso e pronto a usar, feito com ingredientes 100% italianos, incluindo tomate, azeite, cebola, alho, aipo e cenoura. O molho \u00e9 elaborado com ingredientes tradicionais do Mediterr\u00e2neo, proporcionando um verdadeiro sabor de It\u00e1lia. Ideal para quem aprecia sabores aut\u00eanticos e genu\u00ednos, sem conservantes. Basta aquecer e adicionar \u00e0 sua massa para um prato delicioso em poucos minutos!","robots":{"index":"index","follow":"follow","max-snippet":"max-snippet:-1","max-image-preview":"max-image-preview:large","max-video-preview":"max-video-preview:-1"},"canonical":"https:\/\/www.onelink.pt\/en\/products\/fragassi-mediterranean-sauce-250g\/","og_locale":"en_US","og_type":"article","og_title":"Fragassi Mediterranean Sauce 250g","og_description":"Um molho saboroso e pronto a usar, feito com ingredientes 100% italianos, incluindo tomate, azeite, cebola, alho, aipo e cenoura. O molho \u00e9 elaborado com ingredientes tradicionais do Mediterr\u00e2neo, proporcionando um verdadeiro sabor de It\u00e1lia. Ideal para quem aprecia sabores aut\u00eanticos e genu\u00ednos, sem conservantes. Basta aquecer e adicionar \u00e0 sua massa para um prato delicioso em poucos minutos!","og_url":"https:\/\/www.onelink.pt\/en\/products\/fragassi-mediterranean-sauce-250g\/","og_site_name":"Onelink","article_publisher":"https:\/\/www.facebook.com\/onelinkjust4brands\/","article_modified_time":"2026-02-27T18:36:53+00:00","og_image":[{"width":800,"height":800,"url":"https:\/\/www.onelink.pt\/wp-content\/uploads\/2025\/12\/o13066-molho-mediterranico-fragassi-250g.jpg","type":"image\/jpeg"}],"twitter_card":"summary_large_image","twitter_title":"Fragassi Mediterranean Sauce 250g","twitter_misc":{"Est. reading time":"2 minutes"},"schema":{"@context":"https:\/\/schema.org","@graph":[{"@type":"WebPage","@id":"https:\/\/www.onelink.pt\/en\/products\/fragassi-mediterranean-sauce-250g\/","url":"https:\/\/www.onelink.pt\/en\/products\/fragassi-mediterranean-sauce-250g\/","name":"Fragassi Mediterranean Sauce 250g","isPartOf":{"@id":"https:\/\/www.onelink.pt\/en\/#website"},"primaryImageOfPage":{"@id":"https:\/\/www.onelink.pt\/en\/products\/fragassi-mediterranean-sauce-250g\/#primaryimage"},"image":{"@id":"https:\/\/www.onelink.pt\/en\/products\/fragassi-mediterranean-sauce-250g\/#primaryimage"},"thumbnailUrl":"https:\/\/www.onelink.pt\/wp-content\/uploads\/2025\/12\/o13066-molho-mediterranico-fragassi-250g.jpg","datePublished":"2026-02-27T18:36:33+00:00","dateModified":"2026-02-27T18:36:53+00:00","description":"Um molho saboroso e pronto a usar, feito com ingredientes 100% italianos, incluindo tomate, azeite, cebola, alho, aipo e cenoura. O molho \u00e9 elaborado com ingredientes tradicionais do Mediterr\u00e2neo, proporcionando um verdadeiro sabor de It\u00e1lia. Ideal para quem aprecia sabores aut\u00eanticos e genu\u00ednos, sem conservantes. Basta aquecer e adicionar \u00e0 sua massa para um prato delicioso em poucos minutos!","breadcrumb":{"@id":"https:\/\/www.onelink.pt\/en\/products\/fragassi-mediterranean-sauce-250g\/#breadcrumb"},"inLanguage":"en-US","potentialAction":[{"@type":"ReadAction","target":["https:\/\/www.onelink.pt\/en\/products\/fragassi-mediterranean-sauce-250g\/"]}]},{"@type":"ImageObject","inLanguage":"en-US","@id":"https:\/\/www.onelink.pt\/en\/products\/fragassi-mediterranean-sauce-250g\/#primaryimage","url":"https:\/\/www.onelink.pt\/wp-content\/uploads\/2025\/12\/o13066-molho-mediterranico-fragassi-250g.jpg","contentUrl":"https:\/\/www.onelink.pt\/wp-content\/uploads\/2025\/12\/o13066-molho-mediterranico-fragassi-250g.jpg","width":800,"height":800,"caption":"Fragassi Mediterranean Sauce 250g"},{"@type":"BreadcrumbList","@id":"https:\/\/www.onelink.pt\/en\/products\/fragassi-mediterranean-sauce-250g\/#breadcrumb","itemListElement":[{"@type":"ListItem","position":1,"name":"In\u00edcio","item":"https:\/\/www.onelink.pt\/en\/"},{"@type":"ListItem","position":2,"name":"Products","item":"https:\/\/www.onelink.pt\/en\/products\/"},{"@type":"ListItem","position":3,"name":"Fragassi Mediterranean Sauce 250g"}]},{"@type":"WebSite","@id":"https:\/\/www.onelink.pt\/en\/#website","url":"https:\/\/www.onelink.pt\/en\/","name":"Onelink","description":"Just for Brands","publisher":{"@id":"https:\/\/www.onelink.pt\/en\/#organization"},"potentialAction":[{"@type":"SearchAction","target":{"@type":"EntryPoint","urlTemplate":"https:\/\/www.onelink.pt\/en\/?s={search_term_string}"},"query-input":{"@type":"PropertyValueSpecification","valueRequired":true,"valueName":"search_term_string"}}],"inLanguage":"en-US"},{"@type":"Organization","@id":"https:\/\/www.onelink.pt\/en\/#organization","name":"Onelink","url":"https:\/\/www.onelink.pt\/en\/","logo":{"@type":"ImageObject","inLanguage":"en-US","@id":"https:\/\/www.onelink.pt\/en\/#\/schema\/logo\/image\/","url":"https:\/\/www.onelink.pt\/wp-content\/uploads\/2020\/05\/logo-onelink-min.svg","contentUrl":"https:\/\/www.onelink.pt\/wp-content\/uploads\/2020\/05\/logo-onelink-min.svg","width":1,"height":1,"caption":"Onelink"},"image":{"@id":"https:\/\/www.onelink.pt\/en\/#\/schema\/logo\/image\/"},"sameAs":["https:\/\/www.facebook.com\/onelinkjust4brands\/","https:\/\/www.instagram.com\/onelink_just_for_brands\/","https:\/\/www.linkedin.com\/company\/onelink-just4brans\/"]}]}},"_links":{"self":[{"href":"https:\/\/www.onelink.pt\/en\/wp-json\/wp\/v2\/product\/58892","targetHints":{"allow":["GET"]}}],"collection":[{"href":"https:\/\/www.onelink.pt\/en\/wp-json\/wp\/v2\/product"}],"about":[{"href":"https:\/\/www.onelink.pt\/en\/wp-json\/wp\/v2\/types\/product"}],"replies":[{"embeddable":true,"href":"https:\/\/www.onelink.pt\/en\/wp-json\/wp\/v2\/comments?post=58892"}],"wp:featuredmedia":[{"embeddable":true,"href":"https:\/\/www.onelink.pt\/en\/wp-json\/wp\/v2\/media\/58784"}],"wp:attachment":[{"href":"https:\/\/www.onelink.pt\/en\/wp-json\/wp\/v2\/media?parent=58892"}],"wp:term":[{"taxonomy":"socilink_saboresdomundo_tag","embeddable":true,"href":"https:\/\/www.onelink.pt\/en\/wp-json\/wp\/v2\/socilink_saboresdomundo_tag?post=58892"},{"taxonomy":"product_brand","embeddable":true,"href":"https:\/\/www.onelink.pt\/en\/wp-json\/wp\/v2\/product_brand?post=58892"},{"taxonomy":"product_cat","embeddable":true,"href":"https:\/\/www.onelink.pt\/en\/wp-json\/wp\/v2\/product_cat?post=58892"},{"taxonomy":"product_tag","embeddable":true,"href":"https:\/\/www.onelink.pt\/en\/wp-json\/wp\/v2\/product_tag?post=58892"}],"curies":[{"name":"wp","href":"https:\/\/api.w.org\/{rel}","templated":true}]}}