{"id":58903,"date":"2026-02-27T18:37:16","date_gmt":"2026-02-27T18:37:16","guid":{"rendered":"https:\/\/www.onelink.pt\/products\/fragassi-artichokes-bruschetta-145g\/"},"modified":"2026-02-27T18:37:24","modified_gmt":"2026-02-27T18:37:24","slug":"fragassi-artichokes-bruschetta-145g","status":"publish","type":"product","link":"https:\/\/www.onelink.pt\/en\/products\/fragassi-artichokes-bruschetta-145g\/","title":{"rendered":"Fragassi Artichokes Bruschetta 145g"},"content":{"rendered":"<h4>Product Description<\/h4>\n<p>Esta pasta de alcachofra tem um sabor rico e cremoso, ideal para receitas de bruschetta. Elaborado com alcachofra, azeite virgem extra, sumo de lim\u00e3o, cebola, sal e especiarias.<\/p>\n<p>Cultivados em Citt\u00e0 Sant&#8217;Angelo, Abruzzo, entre as montanhas e o mar, estes tomates nativos (Pera Abruzzo) s\u00e3o t\u00e3o perfeitamente doces e saborosos que praticamente n\u00e3o precisam de sal. A Verde Abruzzo que detem a marca Fragassi, utiliza apenas ingredientes da mais alta qualidade nos Pat\u00e9s, Pestos e Bruschettas produzidos inteiramente em Abruzzo, utilizando apenas os melhores ingredientes.<\/p>\n<p>Seja em bruschettas ou massas, estas pastas s\u00e3o uma explos\u00e3o de sabores aut\u00eanticos. Basta adicionar \u00e0 sua massa ou bruschettas favorita para criar um prato delicioso em poucos minutos! Perfeitos para qualquer ocasi\u00e3o, trazendo o sabor da tradi\u00e7\u00e3o italiana \u00e0 sua mesa!<\/p>\n<h4>Ingredients:<\/h4>\n<p>Artichokes 74,3 %, Extra Virgin Olive Oil, Sun-Dried Tomatoes, Onion, Garlic, LEMON JUICE (SULPHITES), Salt, Spices.<\/p>\n<h4>Allergens:<\/h4>\n<p>See ingredients in UPPERCASE. May contain nuts, milk, celery.<\/p>\n<h4>Storage:<\/h4>\n<p>Keep in a cool, dark and dry place. After opening, store in the refrigerator and consume within 3 days.<\/p>\n<h4>Country of Origin:<\/h4>\n<p>Italy<\/p>\n<h4>Nutritional information:<\/h4>\n<table>\n<tr>\n<th>Nutrition Declaration (Typical Values):<\/th>\n<th>Per 100g<\/th>\n<\/tr>\n<tr>\n<td>Energy<\/td>\n<td>795kJ<br \/>190kcal<\/td>\n<\/tr>\n<tr>\n<td>Fat<br \/>of wich saturates<\/td>\n<td>18g<br \/>2,9g<\/td>\n<\/tr>\n<tr>\n<td>Carbohydrate<br \/>of which sugars<\/td>\n<td>4,2g<br \/>3,8g<\/td>\n<\/tr>\n<tr>\n<td>Protein<\/td>\n<td>2,8g<\/td>\n<\/tr>\n<tr>\n<td>Salt<\/td>\n<td>0,51g<\/td>\n<\/tr>\n<\/table>\n<h4>Distributed by:<\/h4>\n<p>Onelink Lda<br \/>\nRua Quinta dos \u00c1lamos n.\u00ba 3<br \/>\n2625-577 Vialonga<\/p>\n<h4>Notice about our product information:<\/h4>\n<p>Always confirm the information on the article label. Food products are subject to constant change, for this reason, we recommend that you always read the labeling information that accompanies each product, including the nutritional information, ingredient list, storage, preparation and use instructions as well as other information before use or consumption.<\/p>\n","protected":false},"excerpt":{"rendered":"<p>Esta pasta de alcachofra tem um sabor rico e cremoso, ideal para receitas de bruschetta. Elaborado com alcachofra, azeite virgem extra, sumo de lim\u00e3o, cebola, sal e especiarias.<\/p>\n","protected":false},"featured_media":58806,"comment_status":"closed","ping_status":"closed","template":"","meta":{"_acf_changed":false,"_lmt_disableupdate":"","_lmt_disable":"","ep_exclude_from_search":false},"socilink_saboresdomundo_tag":[2780,5070],"product_brand":[8033,8037],"product_cat":[2711,2602,2624,2646,7204,2601],"product_tag":[],"class_list":{"0":"post-58903","1":"product","2":"type-product","3":"status-publish","4":"has-post-thumbnail","6":"socilink_saboresdomundo_tag-europe","7":"socilink_saboresdomundo_tag-italy","8":"product_brand-fragassi-en","9":"product_brand-pates-pestos-and-bruschettas","10":"product_cat-all-products","11":"product_cat-appetizers-antipasti-and-tapas","12":"product_cat-ingredients-seasonings","13":"product_cat-pates-tapenades-and-spreads","14":"product_cat-spreads","15":"product_cat-sweets-snacks","16":"pa_caracteristicas-new","18":"first","19":"instock","20":"product-type-simple"},"acf":[],"yoast_head":"<!-- This site is optimized with the Yoast SEO plugin v27.3 - https:\/\/yoast.com\/product\/yoast-seo-wordpress\/ -->\n<title>Fragassi Artichokes Bruschetta 145g<\/title>\n<meta name=\"description\" content=\"Esta pasta de alcachofra tem um sabor rico e cremoso, ideal para receitas de bruschetta. Elaborado com alcachofra, azeite virgem extra, sumo de lim\u00e3o, cebola, sal e especiarias.\" \/>\n<meta name=\"robots\" content=\"index, follow, max-snippet:-1, max-image-preview:large, max-video-preview:-1\" \/>\n<link rel=\"canonical\" href=\"https:\/\/www.onelink.pt\/en\/products\/fragassi-artichokes-bruschetta-145g\/\" \/>\n<meta property=\"og:locale\" content=\"en_US\" \/>\n<meta property=\"og:type\" content=\"article\" \/>\n<meta property=\"og:title\" content=\"Fragassi Artichokes Bruschetta 145g\" \/>\n<meta property=\"og:description\" content=\"Esta pasta de alcachofra tem um sabor rico e cremoso, ideal para receitas de bruschetta. Elaborado com alcachofra, azeite virgem extra, sumo de lim\u00e3o, cebola, sal e especiarias.\" \/>\n<meta property=\"og:url\" content=\"https:\/\/www.onelink.pt\/en\/products\/fragassi-artichokes-bruschetta-145g\/\" \/>\n<meta property=\"og:site_name\" content=\"Onelink\" \/>\n<meta property=\"article:publisher\" content=\"https:\/\/www.facebook.com\/onelinkjust4brands\/\" \/>\n<meta property=\"article:modified_time\" content=\"2026-02-27T18:37:24+00:00\" \/>\n<meta property=\"og:image\" content=\"https:\/\/www.onelink.pt\/wp-content\/uploads\/2025\/12\/o13077-bruschetta-de-alcachofras-fragassi-145g.jpg\" \/>\n\t<meta property=\"og:image:width\" content=\"800\" \/>\n\t<meta property=\"og:image:height\" content=\"800\" \/>\n\t<meta property=\"og:image:type\" content=\"image\/jpeg\" \/>\n<meta name=\"twitter:card\" content=\"summary_large_image\" \/>\n<meta name=\"twitter:title\" content=\"Fragassi Artichokes Bruschetta 145g\" \/>\n<meta name=\"twitter:label1\" content=\"Est. reading time\" \/>\n\t<meta name=\"twitter:data1\" content=\"1 minute\" \/>\n<script type=\"application\/ld+json\" class=\"yoast-schema-graph\">{\"@context\":\"https:\\\/\\\/schema.org\",\"@graph\":[{\"@type\":\"WebPage\",\"@id\":\"https:\\\/\\\/www.onelink.pt\\\/en\\\/products\\\/fragassi-artichokes-bruschetta-145g\\\/\",\"url\":\"https:\\\/\\\/www.onelink.pt\\\/en\\\/products\\\/fragassi-artichokes-bruschetta-145g\\\/\",\"name\":\"Fragassi Artichokes Bruschetta 145g\",\"isPartOf\":{\"@id\":\"https:\\\/\\\/www.onelink.pt\\\/en\\\/#website\"},\"primaryImageOfPage\":{\"@id\":\"https:\\\/\\\/www.onelink.pt\\\/en\\\/products\\\/fragassi-artichokes-bruschetta-145g\\\/#primaryimage\"},\"image\":{\"@id\":\"https:\\\/\\\/www.onelink.pt\\\/en\\\/products\\\/fragassi-artichokes-bruschetta-145g\\\/#primaryimage\"},\"thumbnailUrl\":\"https:\\\/\\\/www.onelink.pt\\\/wp-content\\\/uploads\\\/2025\\\/12\\\/o13077-bruschetta-de-alcachofras-fragassi-145g.jpg\",\"datePublished\":\"2026-02-27T18:37:16+00:00\",\"dateModified\":\"2026-02-27T18:37:24+00:00\",\"description\":\"Esta pasta de alcachofra tem um sabor rico e cremoso, ideal para receitas de bruschetta. Elaborado com alcachofra, azeite virgem extra, sumo de lim\u00e3o, cebola, sal e especiarias.\",\"breadcrumb\":{\"@id\":\"https:\\\/\\\/www.onelink.pt\\\/en\\\/products\\\/fragassi-artichokes-bruschetta-145g\\\/#breadcrumb\"},\"inLanguage\":\"en-US\",\"potentialAction\":[{\"@type\":\"ReadAction\",\"target\":[\"https:\\\/\\\/www.onelink.pt\\\/en\\\/products\\\/fragassi-artichokes-bruschetta-145g\\\/\"]}]},{\"@type\":\"ImageObject\",\"inLanguage\":\"en-US\",\"@id\":\"https:\\\/\\\/www.onelink.pt\\\/en\\\/products\\\/fragassi-artichokes-bruschetta-145g\\\/#primaryimage\",\"url\":\"https:\\\/\\\/www.onelink.pt\\\/wp-content\\\/uploads\\\/2025\\\/12\\\/o13077-bruschetta-de-alcachofras-fragassi-145g.jpg\",\"contentUrl\":\"https:\\\/\\\/www.onelink.pt\\\/wp-content\\\/uploads\\\/2025\\\/12\\\/o13077-bruschetta-de-alcachofras-fragassi-145g.jpg\",\"width\":800,\"height\":800,\"caption\":\"Fragassi Artichokes Bruschetta 145g\"},{\"@type\":\"BreadcrumbList\",\"@id\":\"https:\\\/\\\/www.onelink.pt\\\/en\\\/products\\\/fragassi-artichokes-bruschetta-145g\\\/#breadcrumb\",\"itemListElement\":[{\"@type\":\"ListItem\",\"position\":1,\"name\":\"In\u00edcio\",\"item\":\"https:\\\/\\\/www.onelink.pt\\\/en\\\/\"},{\"@type\":\"ListItem\",\"position\":2,\"name\":\"Products\",\"item\":\"https:\\\/\\\/www.onelink.pt\\\/en\\\/products\\\/\"},{\"@type\":\"ListItem\",\"position\":3,\"name\":\"Fragassi Artichokes Bruschetta 145g\"}]},{\"@type\":\"WebSite\",\"@id\":\"https:\\\/\\\/www.onelink.pt\\\/en\\\/#website\",\"url\":\"https:\\\/\\\/www.onelink.pt\\\/en\\\/\",\"name\":\"Onelink\",\"description\":\"Just for Brands\",\"publisher\":{\"@id\":\"https:\\\/\\\/www.onelink.pt\\\/en\\\/#organization\"},\"potentialAction\":[{\"@type\":\"SearchAction\",\"target\":{\"@type\":\"EntryPoint\",\"urlTemplate\":\"https:\\\/\\\/www.onelink.pt\\\/en\\\/?s={search_term_string}\"},\"query-input\":{\"@type\":\"PropertyValueSpecification\",\"valueRequired\":true,\"valueName\":\"search_term_string\"}}],\"inLanguage\":\"en-US\"},{\"@type\":\"Organization\",\"@id\":\"https:\\\/\\\/www.onelink.pt\\\/en\\\/#organization\",\"name\":\"Onelink\",\"url\":\"https:\\\/\\\/www.onelink.pt\\\/en\\\/\",\"logo\":{\"@type\":\"ImageObject\",\"inLanguage\":\"en-US\",\"@id\":\"https:\\\/\\\/www.onelink.pt\\\/en\\\/#\\\/schema\\\/logo\\\/image\\\/\",\"url\":\"https:\\\/\\\/www.onelink.pt\\\/wp-content\\\/uploads\\\/2020\\\/05\\\/logo-onelink-min.svg\",\"contentUrl\":\"https:\\\/\\\/www.onelink.pt\\\/wp-content\\\/uploads\\\/2020\\\/05\\\/logo-onelink-min.svg\",\"width\":1,\"height\":1,\"caption\":\"Onelink\"},\"image\":{\"@id\":\"https:\\\/\\\/www.onelink.pt\\\/en\\\/#\\\/schema\\\/logo\\\/image\\\/\"},\"sameAs\":[\"https:\\\/\\\/www.facebook.com\\\/onelinkjust4brands\\\/\",\"https:\\\/\\\/www.instagram.com\\\/onelink_just_for_brands\\\/\",\"https:\\\/\\\/www.linkedin.com\\\/company\\\/onelink-just4brans\\\/\"]}]}<\/script>\n<!-- \/ Yoast SEO plugin. -->","yoast_head_json":{"title":"Fragassi Artichokes Bruschetta 145g","description":"Esta pasta de alcachofra tem um sabor rico e cremoso, ideal para receitas de bruschetta. Elaborado com alcachofra, azeite virgem extra, sumo de lim\u00e3o, cebola, sal e especiarias.","robots":{"index":"index","follow":"follow","max-snippet":"max-snippet:-1","max-image-preview":"max-image-preview:large","max-video-preview":"max-video-preview:-1"},"canonical":"https:\/\/www.onelink.pt\/en\/products\/fragassi-artichokes-bruschetta-145g\/","og_locale":"en_US","og_type":"article","og_title":"Fragassi Artichokes Bruschetta 145g","og_description":"Esta pasta de alcachofra tem um sabor rico e cremoso, ideal para receitas de bruschetta. Elaborado com alcachofra, azeite virgem extra, sumo de lim\u00e3o, cebola, sal e especiarias.","og_url":"https:\/\/www.onelink.pt\/en\/products\/fragassi-artichokes-bruschetta-145g\/","og_site_name":"Onelink","article_publisher":"https:\/\/www.facebook.com\/onelinkjust4brands\/","article_modified_time":"2026-02-27T18:37:24+00:00","og_image":[{"width":800,"height":800,"url":"https:\/\/www.onelink.pt\/wp-content\/uploads\/2025\/12\/o13077-bruschetta-de-alcachofras-fragassi-145g.jpg","type":"image\/jpeg"}],"twitter_card":"summary_large_image","twitter_title":"Fragassi Artichokes Bruschetta 145g","twitter_misc":{"Est. reading time":"1 minute"},"schema":{"@context":"https:\/\/schema.org","@graph":[{"@type":"WebPage","@id":"https:\/\/www.onelink.pt\/en\/products\/fragassi-artichokes-bruschetta-145g\/","url":"https:\/\/www.onelink.pt\/en\/products\/fragassi-artichokes-bruschetta-145g\/","name":"Fragassi Artichokes Bruschetta 145g","isPartOf":{"@id":"https:\/\/www.onelink.pt\/en\/#website"},"primaryImageOfPage":{"@id":"https:\/\/www.onelink.pt\/en\/products\/fragassi-artichokes-bruschetta-145g\/#primaryimage"},"image":{"@id":"https:\/\/www.onelink.pt\/en\/products\/fragassi-artichokes-bruschetta-145g\/#primaryimage"},"thumbnailUrl":"https:\/\/www.onelink.pt\/wp-content\/uploads\/2025\/12\/o13077-bruschetta-de-alcachofras-fragassi-145g.jpg","datePublished":"2026-02-27T18:37:16+00:00","dateModified":"2026-02-27T18:37:24+00:00","description":"Esta pasta de alcachofra tem um sabor rico e cremoso, ideal para receitas de bruschetta. Elaborado com alcachofra, azeite virgem extra, sumo de lim\u00e3o, cebola, sal e especiarias.","breadcrumb":{"@id":"https:\/\/www.onelink.pt\/en\/products\/fragassi-artichokes-bruschetta-145g\/#breadcrumb"},"inLanguage":"en-US","potentialAction":[{"@type":"ReadAction","target":["https:\/\/www.onelink.pt\/en\/products\/fragassi-artichokes-bruschetta-145g\/"]}]},{"@type":"ImageObject","inLanguage":"en-US","@id":"https:\/\/www.onelink.pt\/en\/products\/fragassi-artichokes-bruschetta-145g\/#primaryimage","url":"https:\/\/www.onelink.pt\/wp-content\/uploads\/2025\/12\/o13077-bruschetta-de-alcachofras-fragassi-145g.jpg","contentUrl":"https:\/\/www.onelink.pt\/wp-content\/uploads\/2025\/12\/o13077-bruschetta-de-alcachofras-fragassi-145g.jpg","width":800,"height":800,"caption":"Fragassi Artichokes Bruschetta 145g"},{"@type":"BreadcrumbList","@id":"https:\/\/www.onelink.pt\/en\/products\/fragassi-artichokes-bruschetta-145g\/#breadcrumb","itemListElement":[{"@type":"ListItem","position":1,"name":"In\u00edcio","item":"https:\/\/www.onelink.pt\/en\/"},{"@type":"ListItem","position":2,"name":"Products","item":"https:\/\/www.onelink.pt\/en\/products\/"},{"@type":"ListItem","position":3,"name":"Fragassi Artichokes Bruschetta 145g"}]},{"@type":"WebSite","@id":"https:\/\/www.onelink.pt\/en\/#website","url":"https:\/\/www.onelink.pt\/en\/","name":"Onelink","description":"Just for Brands","publisher":{"@id":"https:\/\/www.onelink.pt\/en\/#organization"},"potentialAction":[{"@type":"SearchAction","target":{"@type":"EntryPoint","urlTemplate":"https:\/\/www.onelink.pt\/en\/?s={search_term_string}"},"query-input":{"@type":"PropertyValueSpecification","valueRequired":true,"valueName":"search_term_string"}}],"inLanguage":"en-US"},{"@type":"Organization","@id":"https:\/\/www.onelink.pt\/en\/#organization","name":"Onelink","url":"https:\/\/www.onelink.pt\/en\/","logo":{"@type":"ImageObject","inLanguage":"en-US","@id":"https:\/\/www.onelink.pt\/en\/#\/schema\/logo\/image\/","url":"https:\/\/www.onelink.pt\/wp-content\/uploads\/2020\/05\/logo-onelink-min.svg","contentUrl":"https:\/\/www.onelink.pt\/wp-content\/uploads\/2020\/05\/logo-onelink-min.svg","width":1,"height":1,"caption":"Onelink"},"image":{"@id":"https:\/\/www.onelink.pt\/en\/#\/schema\/logo\/image\/"},"sameAs":["https:\/\/www.facebook.com\/onelinkjust4brands\/","https:\/\/www.instagram.com\/onelink_just_for_brands\/","https:\/\/www.linkedin.com\/company\/onelink-just4brans\/"]}]}},"_links":{"self":[{"href":"https:\/\/www.onelink.pt\/en\/wp-json\/wp\/v2\/product\/58903","targetHints":{"allow":["GET"]}}],"collection":[{"href":"https:\/\/www.onelink.pt\/en\/wp-json\/wp\/v2\/product"}],"about":[{"href":"https:\/\/www.onelink.pt\/en\/wp-json\/wp\/v2\/types\/product"}],"replies":[{"embeddable":true,"href":"https:\/\/www.onelink.pt\/en\/wp-json\/wp\/v2\/comments?post=58903"}],"wp:featuredmedia":[{"embeddable":true,"href":"https:\/\/www.onelink.pt\/en\/wp-json\/wp\/v2\/media\/58806"}],"wp:attachment":[{"href":"https:\/\/www.onelink.pt\/en\/wp-json\/wp\/v2\/media?parent=58903"}],"wp:term":[{"taxonomy":"socilink_saboresdomundo_tag","embeddable":true,"href":"https:\/\/www.onelink.pt\/en\/wp-json\/wp\/v2\/socilink_saboresdomundo_tag?post=58903"},{"taxonomy":"product_brand","embeddable":true,"href":"https:\/\/www.onelink.pt\/en\/wp-json\/wp\/v2\/product_brand?post=58903"},{"taxonomy":"product_cat","embeddable":true,"href":"https:\/\/www.onelink.pt\/en\/wp-json\/wp\/v2\/product_cat?post=58903"},{"taxonomy":"product_tag","embeddable":true,"href":"https:\/\/www.onelink.pt\/en\/wp-json\/wp\/v2\/product_tag?post=58903"}],"curies":[{"name":"wp","href":"https:\/\/api.w.org\/{rel}","templated":true}]}}