{"id":59319,"date":"2026-04-17T10:51:46","date_gmt":"2026-04-17T09:51:46","guid":{"rendered":"https:\/\/www.onelink.pt\/products\/efferve-artisanal-lemonade-330ml\/"},"modified":"2026-04-17T10:52:21","modified_gmt":"2026-04-17T09:52:21","slug":"efferve-artisanal-lemonade-330ml","status":"publish","type":"product","link":"https:\/\/www.onelink.pt\/en\/products\/efferve-artisanal-lemonade-330ml\/","title":{"rendered":"Efferv\u00e9 Artisanal Lemonade 330ml"},"content":{"rendered":"<h4>Product Description<\/h4>\n<p>Made with natural aromas and flavors, Efferv\u00e9 de Lim\u00e3o demonstrates a light, soft garment that offers an authentic Lemon flavor to any cocktail. The perfect drink to refresh on a hot summer day.<\/p>\n<h4>Ingredients:<\/h4>\n<p>Carbonated spring water, sugar, acidifying: citric acid, natural lemon flavor with other natural flavors, stabilizer: ester gum, colors: riboflavin, curcumin.<\/p>\n<h4>Usage Suggestions:<\/h4>\n<p>Serve chilled.<\/p>\n<h4>Other information:<\/h4>\n<p>Caution! Content under pressure. Please place hand securely on top of the bottle when opening.<\/p>\n<h4>Country of Origin:<\/h4>\n<p>France<\/p>\n<h4>Nutritional information:<\/h4>\n<table>\n<tr>\n<th>Nutrition Declaration (Typical Values):<\/th>\n<th>Per 100ml<\/th>\n<\/tr>\n<tr>\n<td>Energy<\/td>\n<td>153kJ<br \/>36kcal<\/td>\n<\/tr>\n<tr>\n<td>Fat<br \/>of wich saturates<\/td>\n<td>0g<br \/>0g<\/td>\n<\/tr>\n<tr>\n<td>Carbohydrate<br \/>of which sugars<\/td>\n<td>9g<br \/>9g<\/td>\n<\/tr>\n<tr>\n<td>Protein<\/td>\n<td>0g<\/td>\n<\/tr>\n<tr>\n<td>Salt<\/td>\n<td>0,01g<\/td>\n<\/tr>\n<\/table>\n<h4>Distributed by:<\/h4>\n<p>Onelink Lda<br \/>\nRua Quinta dos \u00c1lamos n.\u00ba 3<br \/>\n2625-577 Vialonga<\/p>\n<h4>Notice about our product information:<\/h4>\n<p>Always confirm the information on the article label. Food products are subject to constant change, for this reason, we recommend that you always read the labeling information that accompanies each product, including the nutritional information, ingredient list, storage, preparation and use instructions as well as other information before use or consumption.<\/p>\n","protected":false},"excerpt":{"rendered":"<p>The best-selling flavor of Efferv\u00e9 Limonada Artesanal is a colorful replica of the traditional French Efferv\u00e9.<\/p>\n","protected":false},"featured_media":59012,"comment_status":"closed","ping_status":"closed","template":"","meta":{"_acf_changed":false,"_lmt_disableupdate":"","_lmt_disable":"","ep_exclude_from_search":false},"socilink_saboresdomundo_tag":[2780,5068],"product_brand":[6849,6850],"product_cat":[2579,2711,2583],"product_tag":[],"class_list":{"0":"post-59319","1":"product","2":"type-product","3":"status-publish","4":"has-post-thumbnail","6":"socilink_saboresdomundo_tag-europe","7":"socilink_saboresdomundo_tag-france","8":"product_brand-efferve-en","9":"product_brand-french-sparkling-lemonade-efferve","10":"product_cat-alcohol-soft-drinks","11":"product_cat-all-products","12":"product_cat-soft-drinks","14":"first","15":"onbackorder","16":"product-type-simple"},"acf":[],"yoast_head":"<!-- This site is optimized with the Yoast SEO plugin v27.4 - https:\/\/yoast.com\/product\/yoast-seo-wordpress\/ -->\n<title>Efferv\u00e9 Artisanal Lemonade 330ml<\/title>\n<meta name=\"description\" content=\"The best-selling flavor of Efferv\u00e9 Limonada Artesanal is a colorful replica of the traditional French Efferv\u00e9.\" \/>\n<meta name=\"robots\" content=\"index, follow, max-snippet:-1, max-image-preview:large, max-video-preview:-1\" \/>\n<link rel=\"canonical\" href=\"https:\/\/www.onelink.pt\/en\/products\/efferve-artisanal-lemonade-330ml\/\" \/>\n<meta property=\"og:locale\" content=\"en_US\" \/>\n<meta property=\"og:type\" content=\"article\" \/>\n<meta property=\"og:title\" content=\"Efferv\u00e9 Artisanal Lemonade 330ml\" \/>\n<meta property=\"og:description\" content=\"The best-selling flavor of Efferv\u00e9 Limonada Artesanal is a colorful replica of the traditional French Efferv\u00e9.\" \/>\n<meta property=\"og:url\" content=\"https:\/\/www.onelink.pt\/en\/products\/efferve-artisanal-lemonade-330ml\/\" \/>\n<meta property=\"og:site_name\" content=\"Onelink\" \/>\n<meta property=\"article:publisher\" content=\"https:\/\/www.facebook.com\/onelinkjust4brands\/\" \/>\n<meta property=\"article:modified_time\" content=\"2026-04-17T09:52:21+00:00\" \/>\n<meta property=\"og:image\" content=\"https:\/\/www.onelink.pt\/wp-content\/uploads\/2026\/02\/o13121-limonada-artesanal-efferve-330ml.jpg\" \/>\n\t<meta property=\"og:image:width\" content=\"800\" \/>\n\t<meta property=\"og:image:height\" content=\"800\" \/>\n\t<meta property=\"og:image:type\" content=\"image\/jpeg\" \/>\n<meta name=\"twitter:card\" content=\"summary_large_image\" \/>\n<meta name=\"twitter:title\" content=\"Efferv\u00e9 Artisanal Lemonade 330ml\" \/>\n<meta name=\"twitter:label1\" content=\"Est. reading time\" \/>\n\t<meta name=\"twitter:data1\" content=\"1 minute\" \/>\n<script type=\"application\/ld+json\" class=\"yoast-schema-graph\">{\"@context\":\"https:\\\/\\\/schema.org\",\"@graph\":[{\"@type\":\"WebPage\",\"@id\":\"https:\\\/\\\/www.onelink.pt\\\/en\\\/products\\\/efferve-artisanal-lemonade-330ml\\\/\",\"url\":\"https:\\\/\\\/www.onelink.pt\\\/en\\\/products\\\/efferve-artisanal-lemonade-330ml\\\/\",\"name\":\"Efferv\u00e9 Artisanal Lemonade 330ml\",\"isPartOf\":{\"@id\":\"https:\\\/\\\/www.onelink.pt\\\/en\\\/#website\"},\"primaryImageOfPage\":{\"@id\":\"https:\\\/\\\/www.onelink.pt\\\/en\\\/products\\\/efferve-artisanal-lemonade-330ml\\\/#primaryimage\"},\"image\":{\"@id\":\"https:\\\/\\\/www.onelink.pt\\\/en\\\/products\\\/efferve-artisanal-lemonade-330ml\\\/#primaryimage\"},\"thumbnailUrl\":\"https:\\\/\\\/www.onelink.pt\\\/wp-content\\\/uploads\\\/2026\\\/02\\\/o13121-limonada-artesanal-efferve-330ml.jpg\",\"datePublished\":\"2026-04-17T09:51:46+00:00\",\"dateModified\":\"2026-04-17T09:52:21+00:00\",\"description\":\"The best-selling flavor of Efferv\u00e9 Limonada Artesanal is a colorful replica of the traditional French Efferv\u00e9.\",\"breadcrumb\":{\"@id\":\"https:\\\/\\\/www.onelink.pt\\\/en\\\/products\\\/efferve-artisanal-lemonade-330ml\\\/#breadcrumb\"},\"inLanguage\":\"en-US\",\"potentialAction\":[{\"@type\":\"ReadAction\",\"target\":[\"https:\\\/\\\/www.onelink.pt\\\/en\\\/products\\\/efferve-artisanal-lemonade-330ml\\\/\"]}]},{\"@type\":\"ImageObject\",\"inLanguage\":\"en-US\",\"@id\":\"https:\\\/\\\/www.onelink.pt\\\/en\\\/products\\\/efferve-artisanal-lemonade-330ml\\\/#primaryimage\",\"url\":\"https:\\\/\\\/www.onelink.pt\\\/wp-content\\\/uploads\\\/2026\\\/02\\\/o13121-limonada-artesanal-efferve-330ml.jpg\",\"contentUrl\":\"https:\\\/\\\/www.onelink.pt\\\/wp-content\\\/uploads\\\/2026\\\/02\\\/o13121-limonada-artesanal-efferve-330ml.jpg\",\"width\":800,\"height\":800,\"caption\":\"Efferv\u00e9 Artisanal Lemonade 330ml\"},{\"@type\":\"BreadcrumbList\",\"@id\":\"https:\\\/\\\/www.onelink.pt\\\/en\\\/products\\\/efferve-artisanal-lemonade-330ml\\\/#breadcrumb\",\"itemListElement\":[{\"@type\":\"ListItem\",\"position\":1,\"name\":\"In\u00edcio\",\"item\":\"https:\\\/\\\/www.onelink.pt\\\/en\\\/\"},{\"@type\":\"ListItem\",\"position\":2,\"name\":\"Products\",\"item\":\"https:\\\/\\\/www.onelink.pt\\\/en\\\/products\\\/\"},{\"@type\":\"ListItem\",\"position\":3,\"name\":\"Efferv\u00e9 Artisanal Lemonade 330ml\"}]},{\"@type\":\"WebSite\",\"@id\":\"https:\\\/\\\/www.onelink.pt\\\/en\\\/#website\",\"url\":\"https:\\\/\\\/www.onelink.pt\\\/en\\\/\",\"name\":\"Onelink\",\"description\":\"Just for Brands\",\"publisher\":{\"@id\":\"https:\\\/\\\/www.onelink.pt\\\/en\\\/#organization\"},\"potentialAction\":[{\"@type\":\"SearchAction\",\"target\":{\"@type\":\"EntryPoint\",\"urlTemplate\":\"https:\\\/\\\/www.onelink.pt\\\/en\\\/?s={search_term_string}\"},\"query-input\":{\"@type\":\"PropertyValueSpecification\",\"valueRequired\":true,\"valueName\":\"search_term_string\"}}],\"inLanguage\":\"en-US\"},{\"@type\":\"Organization\",\"@id\":\"https:\\\/\\\/www.onelink.pt\\\/en\\\/#organization\",\"name\":\"Onelink\",\"url\":\"https:\\\/\\\/www.onelink.pt\\\/en\\\/\",\"logo\":{\"@type\":\"ImageObject\",\"inLanguage\":\"en-US\",\"@id\":\"https:\\\/\\\/www.onelink.pt\\\/en\\\/#\\\/schema\\\/logo\\\/image\\\/\",\"url\":\"https:\\\/\\\/www.onelink.pt\\\/wp-content\\\/uploads\\\/2020\\\/05\\\/logo-onelink-min.svg\",\"contentUrl\":\"https:\\\/\\\/www.onelink.pt\\\/wp-content\\\/uploads\\\/2020\\\/05\\\/logo-onelink-min.svg\",\"width\":1,\"height\":1,\"caption\":\"Onelink\"},\"image\":{\"@id\":\"https:\\\/\\\/www.onelink.pt\\\/en\\\/#\\\/schema\\\/logo\\\/image\\\/\"},\"sameAs\":[\"https:\\\/\\\/www.facebook.com\\\/onelinkjust4brands\\\/\",\"https:\\\/\\\/www.instagram.com\\\/onelink_just_for_brands\\\/\",\"https:\\\/\\\/www.linkedin.com\\\/company\\\/onelink-just4brans\\\/\"]}]}<\/script>\n<!-- \/ Yoast SEO plugin. -->","yoast_head_json":{"title":"Efferv\u00e9 Artisanal Lemonade 330ml","description":"The best-selling flavor of Efferv\u00e9 Limonada Artesanal is a colorful replica of the traditional French Efferv\u00e9.","robots":{"index":"index","follow":"follow","max-snippet":"max-snippet:-1","max-image-preview":"max-image-preview:large","max-video-preview":"max-video-preview:-1"},"canonical":"https:\/\/www.onelink.pt\/en\/products\/efferve-artisanal-lemonade-330ml\/","og_locale":"en_US","og_type":"article","og_title":"Efferv\u00e9 Artisanal Lemonade 330ml","og_description":"The best-selling flavor of Efferv\u00e9 Limonada Artesanal is a colorful replica of the traditional French Efferv\u00e9.","og_url":"https:\/\/www.onelink.pt\/en\/products\/efferve-artisanal-lemonade-330ml\/","og_site_name":"Onelink","article_publisher":"https:\/\/www.facebook.com\/onelinkjust4brands\/","article_modified_time":"2026-04-17T09:52:21+00:00","og_image":[{"width":800,"height":800,"url":"https:\/\/www.onelink.pt\/wp-content\/uploads\/2026\/02\/o13121-limonada-artesanal-efferve-330ml.jpg","type":"image\/jpeg"}],"twitter_card":"summary_large_image","twitter_title":"Efferv\u00e9 Artisanal Lemonade 330ml","twitter_misc":{"Est. reading time":"1 minute"},"schema":{"@context":"https:\/\/schema.org","@graph":[{"@type":"WebPage","@id":"https:\/\/www.onelink.pt\/en\/products\/efferve-artisanal-lemonade-330ml\/","url":"https:\/\/www.onelink.pt\/en\/products\/efferve-artisanal-lemonade-330ml\/","name":"Efferv\u00e9 Artisanal Lemonade 330ml","isPartOf":{"@id":"https:\/\/www.onelink.pt\/en\/#website"},"primaryImageOfPage":{"@id":"https:\/\/www.onelink.pt\/en\/products\/efferve-artisanal-lemonade-330ml\/#primaryimage"},"image":{"@id":"https:\/\/www.onelink.pt\/en\/products\/efferve-artisanal-lemonade-330ml\/#primaryimage"},"thumbnailUrl":"https:\/\/www.onelink.pt\/wp-content\/uploads\/2026\/02\/o13121-limonada-artesanal-efferve-330ml.jpg","datePublished":"2026-04-17T09:51:46+00:00","dateModified":"2026-04-17T09:52:21+00:00","description":"The best-selling flavor of Efferv\u00e9 Limonada Artesanal is a colorful replica of the traditional French Efferv\u00e9.","breadcrumb":{"@id":"https:\/\/www.onelink.pt\/en\/products\/efferve-artisanal-lemonade-330ml\/#breadcrumb"},"inLanguage":"en-US","potentialAction":[{"@type":"ReadAction","target":["https:\/\/www.onelink.pt\/en\/products\/efferve-artisanal-lemonade-330ml\/"]}]},{"@type":"ImageObject","inLanguage":"en-US","@id":"https:\/\/www.onelink.pt\/en\/products\/efferve-artisanal-lemonade-330ml\/#primaryimage","url":"https:\/\/www.onelink.pt\/wp-content\/uploads\/2026\/02\/o13121-limonada-artesanal-efferve-330ml.jpg","contentUrl":"https:\/\/www.onelink.pt\/wp-content\/uploads\/2026\/02\/o13121-limonada-artesanal-efferve-330ml.jpg","width":800,"height":800,"caption":"Efferv\u00e9 Artisanal Lemonade 330ml"},{"@type":"BreadcrumbList","@id":"https:\/\/www.onelink.pt\/en\/products\/efferve-artisanal-lemonade-330ml\/#breadcrumb","itemListElement":[{"@type":"ListItem","position":1,"name":"In\u00edcio","item":"https:\/\/www.onelink.pt\/en\/"},{"@type":"ListItem","position":2,"name":"Products","item":"https:\/\/www.onelink.pt\/en\/products\/"},{"@type":"ListItem","position":3,"name":"Efferv\u00e9 Artisanal Lemonade 330ml"}]},{"@type":"WebSite","@id":"https:\/\/www.onelink.pt\/en\/#website","url":"https:\/\/www.onelink.pt\/en\/","name":"Onelink","description":"Just for Brands","publisher":{"@id":"https:\/\/www.onelink.pt\/en\/#organization"},"potentialAction":[{"@type":"SearchAction","target":{"@type":"EntryPoint","urlTemplate":"https:\/\/www.onelink.pt\/en\/?s={search_term_string}"},"query-input":{"@type":"PropertyValueSpecification","valueRequired":true,"valueName":"search_term_string"}}],"inLanguage":"en-US"},{"@type":"Organization","@id":"https:\/\/www.onelink.pt\/en\/#organization","name":"Onelink","url":"https:\/\/www.onelink.pt\/en\/","logo":{"@type":"ImageObject","inLanguage":"en-US","@id":"https:\/\/www.onelink.pt\/en\/#\/schema\/logo\/image\/","url":"https:\/\/www.onelink.pt\/wp-content\/uploads\/2020\/05\/logo-onelink-min.svg","contentUrl":"https:\/\/www.onelink.pt\/wp-content\/uploads\/2020\/05\/logo-onelink-min.svg","width":1,"height":1,"caption":"Onelink"},"image":{"@id":"https:\/\/www.onelink.pt\/en\/#\/schema\/logo\/image\/"},"sameAs":["https:\/\/www.facebook.com\/onelinkjust4brands\/","https:\/\/www.instagram.com\/onelink_just_for_brands\/","https:\/\/www.linkedin.com\/company\/onelink-just4brans\/"]}]}},"_links":{"self":[{"href":"https:\/\/www.onelink.pt\/en\/wp-json\/wp\/v2\/product\/59319","targetHints":{"allow":["GET"]}}],"collection":[{"href":"https:\/\/www.onelink.pt\/en\/wp-json\/wp\/v2\/product"}],"about":[{"href":"https:\/\/www.onelink.pt\/en\/wp-json\/wp\/v2\/types\/product"}],"replies":[{"embeddable":true,"href":"https:\/\/www.onelink.pt\/en\/wp-json\/wp\/v2\/comments?post=59319"}],"wp:featuredmedia":[{"embeddable":true,"href":"https:\/\/www.onelink.pt\/en\/wp-json\/wp\/v2\/media\/59012"}],"wp:attachment":[{"href":"https:\/\/www.onelink.pt\/en\/wp-json\/wp\/v2\/media?parent=59319"}],"wp:term":[{"taxonomy":"socilink_saboresdomundo_tag","embeddable":true,"href":"https:\/\/www.onelink.pt\/en\/wp-json\/wp\/v2\/socilink_saboresdomundo_tag?post=59319"},{"taxonomy":"product_brand","embeddable":true,"href":"https:\/\/www.onelink.pt\/en\/wp-json\/wp\/v2\/product_brand?post=59319"},{"taxonomy":"product_cat","embeddable":true,"href":"https:\/\/www.onelink.pt\/en\/wp-json\/wp\/v2\/product_cat?post=59319"},{"taxonomy":"product_tag","embeddable":true,"href":"https:\/\/www.onelink.pt\/en\/wp-json\/wp\/v2\/product_tag?post=59319"}],"curies":[{"name":"wp","href":"https:\/\/api.w.org\/{rel}","templated":true}]}}